{"id":4486,"date":"2019-02-21T18:01:15","date_gmt":"2019-02-21T18:01:15","guid":{"rendered":"https:\/\/www.jacotrans.es\/aviso-legal\/"},"modified":"2024-03-26T16:26:11","modified_gmt":"2024-03-26T16:26:11","slug":"aviso-legal","status":"publish","type":"page","link":"https:\/\/www.jacotrans.es\/en\/aviso-legal\/","title":{"rendered":"Aviso Legal y condiciones de uso"},"content":{"rendered":"\n<h3 class=\"wp-block-heading\" id=\"h-datos-identificativos\"><strong>Datos identificativos.<\/strong><\/h3>\n\n\n\n<p><\/p>\n\n\n\n<p>JACOTRANS,\nservicios al peregrino, nombre comercial, es propiedad de JUAN JOS\u00c9\nVENTANA LIP\u00daZCOA, NIF: 29142372S. Con domicilio en c\/ Olaberrizokoa,\n18, 31430 AOIZ , Navarra. Tf 610983205.<\/p>\n\n\n\n<h3 class=\"wp-block-heading\" id=\"h-la-empresa\"><strong>La empresa:<\/strong><\/h3>\n\n\n\n<p>JACOTRANS  es una\nfranquicia propiedad del titular de la marca y   formada por 4\ndelegaciones cuyos responsables son los que realizan el servicio por\nusted contratado y aqu\u00ed se reflejan:<\/p>\n\n\n\n<h4 class=\"wp-block-heading\" id=\"h-de-roncesvalles-a-logro-o\"><strong>De\nRoncesvalles a Logro\u00f1o: <\/strong>\n<\/h4>\n\n\n\n<p>JUAN JOS\u00c9\nVENTANA LIP\u00daZCOA, N.I.F: 29142372S. Con domicilio social en c\/\nOlaberrizokoa, 18, 31430 AOIZ , Navarra. Tf 610983205.<\/p>\n\n\n\n<h4 class=\"wp-block-heading\" id=\"h-franquicia-de-logro-o-a-burgos\"><strong>Franquicia de\nLogro\u00f1o a Burgos:<\/strong><\/h4>\n\n\n\n<p>Eduardo Gonz\u00e1lez\nArrieta,  C.I.F. n\u00famero 7483468G con domicilio social  en C\/ Rivera\nde Najerilla, 4,  N\u00e1jera , La Rioja. Tf 608447177<\/p>\n\n\n\n<h4 class=\"wp-block-heading\" id=\"h-franquicia-de-burgos-a-leon\"><strong>Franquicia de\nBurgos a Leon:<\/strong><\/h4>\n\n\n\n<p>Luis \u00c1ngel Acero\nAd\u00e1mez,   N.I.F: 127294241 W con domicilio social en C\/ Camino de\nSantiago SN, Calzadilla de la Cueza , Palencia  . Tf 650461540<\/p>\n\n\n\n<h4 class=\"wp-block-heading\" id=\"h-franquicia-de-leon-a-finisterre\"><strong>Franquicia de\nLeon a Finisterre: <\/strong>\n<\/h4>\n\n\n\n<p>Jos\u00e9\nLuis Pardo Rodr\u00edguez, N.I.F.\nB-24422495,   en\nrepresentaci\u00f3n de Pasamanos j3 S.L entidad mercantil de nacionalidad\nespa\u00f1ola,  con C.I.F. n\u00famero B-24422495 con domicilio social  en C\/\nLa amapola,1 Trobajo del Camino (Le\u00f3n). Tf 606049858<\/p>\n\n\n\n<h3 class=\"wp-block-heading\" id=\"h-la-web\"><strong>La Web.<\/strong><\/h3>\n\n\n\n<p>El objetivo de la\nweb es  dar informaci\u00f3n sobre el Camino de Santiago y  la venta del\nservicio del transporte del equipajeen\nlas fechas, etapas y alojamientos que usted indica.<\/p>\n\n\n\n<h3 class=\"wp-block-heading\" id=\"h-propiedad-intelectual-de-la-web\"><strong>Propiedad\nintelectual de la web. <\/strong>\n<\/h3>\n\n\n\n<p>Los\nderechos de propiedad intelectual as\u00ed como el  contenido de esta\np\u00e1gina web, su dise\u00f1o gr\u00e1fico y sus c\u00f3digos fuente, son propiedad\nexclusiva de JACOTRANS, por lo que nos corresponde  el ejercicio\nexclusivo de los derechos de explotaci\u00f3n de ellos.<\/p>\n\n\n\n<p>Queda\nprohibida su reproducci\u00f3n, distribuci\u00f3n, comunicaci\u00f3n p\u00fablica o\nno y transformaci\u00f3n, total o parcial, sin la autorizaci\u00f3n expresa\nde JACOTRANS. Igualmente, todos los nombres comerciales, marcas o\nsignos distintos de cualquier clase contenidos en esta p\u00e1gina web (y\naplicaciones m\u00f3viles) est\u00e1n protegidos por ley.<\/p>\n\n\n\n<h3 class=\"wp-block-heading\" id=\"h-la-venta-del-servicio\"><strong>La\nventa del servicio.<\/strong><\/h3>\n\n\n\n<p><strong>En nuestro motor de reservas.<\/strong><\/p>\n\n\n\n<p>El pago del  servicio que usted est\u00e1 contratando, lo hace a la delegaci\u00f3n que m\u00e1s etapas le correspondan de su reserva, no obstante, el servicio lo realizar\u00e1 la delegaci\u00f3n correspondiente en cada zona.<\/p>\n\n\n\n<p>El\npago es el \u00faltimo tr\u00e1mite que usted realiza antes de recibir la\nconfirmaci\u00f3n de su reserva, con el justificante del pago, etiqueta\npara los equipajes e instrucciones sobre el servicio.<\/p>\n\n\n\n<p>Usted\nobtendr\u00e1  el precio final con todos los impuestos incluidos.  Dicho\nprecio lo ver\u00e1 reflejado antes de realizar su compra.<\/p>\n\n\n\n<p>Este\npago se realiza a  trav\u00e9s de tarjeta de cr\u00e9dito o de d\u00e9bito (Visa,\nMastercard, Visa Electr\u00f3n y\/o otras similares), con sus respectivos\nprotocolos de seguridad.<\/p>\n\n\n\n<p>En caso de que usted detecte cualquier cargo indebido o fraudulento en la tarjeta utilizada en la compra, deber\u00e1 informarnos mediante email o v\u00eda telef\u00f3nica, en el plazo de 30 d\u00edas h\u00e1biles.<\/p>\n\n\n\n<p><strong>A diario con pago al contado.<\/strong><\/p>\n\n\n\n<p>Para el servicio de contrataci\u00f3n a diario en los alojamientos en los que realiza el pago por medio de los sobres habilitados para ello, generamos un ticket que lo depositamos en el mismo. En caso de perdida, nos lo puede pedir a info@jacotrans.com envi\u00e1ndonos una foto del sobre con el servicio contratado.<\/p>\n\n\n\n<h3 class=\"wp-block-heading\" id=\"h-identificaci-n\">\n<strong>Identificaci\u00f3n.<\/strong><\/h3>\n\n\n\n<p>\nCon\nla reserva se le adjuntan las etiquetas identificativas del equipaje\nen la cual aparecen datos de su reserva. Si desea ejercer el derecho\na la protecci\u00f3n de sus datos nos lo debe comunicar en el momento de\nhacer efectiva la reserva. De esta manera le podremos confeccionar la\nidentificaci\u00f3n correspondiente con los datos b\u00e1sicos para hacer el\nservicio y en los cuales no aparecer\u00e1 informaci\u00f3n alguna suya.<\/p>\n\n\n\n<h3 class=\"wp-block-heading\" id=\"h-organizaci-n\">\n&nbsp; <strong>Organizaci\u00f3n<\/strong>&nbsp;<\/h3>\n\n\n\n<p>\nTodos\nlos hoteles deben ser confirmados antes de hacer la reserva del\nservicio de traslado de equipajes. Su equipaje debe depositarse en la\nrecepci\u00f3n del alojamiento listo para ser recogido a las 8h00. Usted\ndebe incluir en su equipaje una etiqueta resistente mostrando\nclaramente los siguientes datos: n\u00famero de reserva, nombre completo\ny tel\u00e9fono m\u00f3vil. El incumplimiento de TODO lo anterior dar\u00e1 lugar\nautom\u00e1ticamente a la cancelaci\u00f3n de la reserva, sin opci\u00f3n al\nreembolso de las tarifas.<\/p>\n\n\n\n<h3 class=\"wp-block-heading\" id=\"h-restricciones-de-equipaje\">\n<strong>Restricciones\nde equipaje&nbsp;<\/strong><\/h3>\n\n\n\n<p> El peso de cada pieza del equipaje est\u00e1 limitado a 15 kg. Por pieza de equipaje se entiende bolsa de viaje, bolso, mochila, maleta. El hecho de que se amontonen o se apilen juntos no significa que sean considerados una \u00fanica pieza. La Compa\u00f1\u00eda solo realizar\u00e1 el traslado del n\u00famero de bultos que se hayan apuntado y pagado en la reserva.\u00a0<strong>Cualquier elemento adicional se cobrar\u00e1 a mayores.<\/strong><\/p>\n\n\n\n<h3 class=\"wp-block-heading\" id=\"h-pol-tica-de-cancelaci-n-o-devoluci-n\"><strong>Pol\u00edtica\nde Cancelaci\u00f3n o devoluci\u00f3n.<\/strong><\/h3>\n\n\n\n<p>Cambios\n\/cancelaciones Por razones operativas s\u00f3lo se permitir\u00e1n cambios en\nlas reservas con 48h de antelaci\u00f3n., no obstante nuestra\nflexibilidad es m\u00e1xima por lo que deber\u00e1 ponerse en contacto con\nnosotros  a la mayor brevedad posible para que hagamos todo lo que\nest\u00e9 en nuestras manos para solucionar su problema<\/p>\n\n\n\n<h3 class=\"wp-block-heading\" id=\"h-responsabilidades\">\n<strong>Responsabilidades&nbsp;<\/strong><\/h3>\n\n\n\n<p>\n&nbsp;El\nCliente es responsable de escoger el hotel\/hoteles correctos en la\nciudad\/ciudades correctas. La Compa\u00f1\u00eda no asume ninguna\nresponsabilidad antes y\/o despu\u00e9s del servicio de traslado de\nequipaje, bien sea por da\u00f1os, p\u00e9rdidas o robos. Su equipaje est\u00e1\ncubierto con un seguro por robo del mismo y en su totalidad, no\nparcial o de alguno de los objetos del cliente y siempre que est\u00e9 en\nnuestro poder.<\/p>\n\n\n\n<p> Puede ampliar las coberturas en <a href=\"http:\/\/www.jacotrans.com\/p\/asegurate-o-asegura-tu-equipaje.html\">http:\/\/www.jacotrans.com\/p\/asegurate-o-asegura-tu-equipaje.html<\/a><\/p>\n\n\n\n<p>Los equipajes son transportados&nbsp; a diario con gran cantidad de equipajes y pueden sufrir alg\u00fan tipo de raya o peque\u00f1o desperfecto debido al mismo. En caso de que considere que ha sufrido un desperfecto mientras ha sido manipulado por nosotros, env\u00edenos un mail a info@jacotrans.com con fotos del incidente y intentaremos darle una soluci\u00f3n o altenativa.<\/p>\n\n\n\n<h3 class=\"wp-block-heading\" id=\"h-t-rminos-y-condiciones\"><strong>T\u00e9rminos y\ncondiciones.<\/strong><\/h3>\n\n\n\n<p>Los\n t\u00e9rminos y condiciones pueden ser modificados y aplicados  a los\nservicios que se contratan en la web, el traslado del equipaje en las\nfechas, etapas y alojamientos que usted indica.<\/p>\n\n\n\n<p>\nAl acceder, navegar y utilizar emplear\nnuestros servicios (v\u00eda esta web), y\/o realizar una reserva,\naceptas haber le\u00eddo, entendido y estar de acuerdo con los t\u00e9rminos\ny condiciones que se detallan incluyendo el fragmento referente a la\nprivacidad.<\/p>\n\n\n\n<h3 class=\"wp-block-heading\" id=\"h-pol-tica-de-precios\">\nPol\u00edtica\nde Precios<\/h3>\n\n\n\n<p>Los\nprecios que se indican al seleccionar el servicio que usted necesita\nse exponen en la misma l\u00ednea del servicio.<\/p>\n\n\n\n<p>El\ntipo impositivo ya incluido en ese precio es el correspondiente\nactual del 21% del transporte de mercanc\u00edas por carreteras.<\/p>\n\n\n\n<p>Estos\nprecios pueden ser modificados seg\u00fan se necesite.<\/p>\n\n\n\n<h3 class=\"wp-block-heading\" id=\"h-protecci-n-de-datos-personales\">\n<strong>Protecci\u00f3n de\ndatos personales<\/strong><\/h3>\n\n\n\n<p><em> <\/em>Los datos personales que pudiesen constar en esta comunicaci\u00f3n, se incluyen en un fichero responsabilidad de JACOTRANS con la finalidad de gestionar la relaci\u00f3n contractual con nosotros y mantenerle informado de nuestros productos y servicios. Le informamos que de acuerdo a la LSSI 34\/2002 del 11 de Julio de 2002 (Ley de Servicios de la Sociedad de la Informaci\u00f3n y Comercio Electr\u00f3nico) si usted no desea seguir recibiendo informaci\u00f3n de nuestra empresa a trav\u00e9s de e-mail pulse aqu\u00ed para solicitar la baja, o env\u00ede un e-mail a&nbsp;<a href=\"mailto:jacotrans@gmail.com\">jacotrans@gmail.com<\/a>&nbsp;indicando su nombre y su e-mail, informando en el Asunto &#8220;Baja de su fichero de datos&#8221;. Igualmente, usted puede ejercitar sus derechos de acceso, rectificaci\u00f3n, cancelaci\u00f3n y oposici\u00f3n al tratamiento de sus datos dirigi\u00e9ndose por escrito a: JACOTRANS, Olaberrizokoa,18. 31430 Aoiz Navarra indicando su nombre y apellidos y n\u00famero de DNI con expresa indicaci\u00f3n de ejercicio del derecho que desea ejercer.<\/p>\n","protected":false},"excerpt":{"rendered":"<p>Datos identificativos. JACOTRANS, servicios al peregrino, nombre comercial, es propiedad de JUAN JOS\u00c9 VENTANA LIP\u00daZCOA, NIF: 29142372S. Con domicilio en c\/ Olaberrizokoa, 18, 31430 AOIZ , Navarra. Tf 610983205. La empresa: JACOTRANS es una franquicia propiedad del titular de la marca y formada por 4 delegaciones cuyos responsables son los que realizan el servicio por usted contratado y aqu\u00ed se reflejan: De Roncesvalles a Logro\u00f1o: JUAN JOS\u00c9 VENTANA LIP\u00daZCOA, N.I.F: 29142372S. Con domicilio social en c\/ Olaberrizokoa, 18, 31430 AOIZ&hellip;<\/p>\n","protected":false},"author":2,"featured_media":0,"parent":0,"menu_order":0,"comment_status":"closed","ping_status":"closed","template":"","meta":{"_monsterinsights_skip_tracking":false,"_monsterinsights_sitenote_active":false,"_monsterinsights_sitenote_note":"","_monsterinsights_sitenote_category":0,"_uf_show_specific_survey":0,"_uf_disable_surveys":false,"footnotes":""},"class_list":["post-4486","page","type-page","status-publish","hentry"],"yoast_head":"<!-- This site is optimized with the Yoast SEO plugin v27.5 - https:\/\/yoast.com\/product\/yoast-seo-wordpress\/ -->\n<title>Aviso Legal y condiciones de uso - JACOTRANS<\/title>\n<meta name=\"robots\" content=\"index, follow, max-snippet:-1, max-image-preview:large, max-video-preview:-1\" \/>\n<link rel=\"canonical\" href=\"https:\/\/www.jacotrans.es\/en\/aviso-legal\/\" \/>\n<meta property=\"og:locale\" content=\"en_US\" \/>\n<meta property=\"og:type\" content=\"article\" \/>\n<meta property=\"og:title\" content=\"Aviso Legal y condiciones de uso - JACOTRANS\" \/>\n<meta property=\"og:description\" content=\"Datos identificativos. JACOTRANS, servicios al peregrino, nombre comercial, es propiedad de JUAN JOS\u00c9 VENTANA LIP\u00daZCOA, NIF: 29142372S. Con domicilio en c\/ Olaberrizokoa, 18, 31430 AOIZ , Navarra. Tf 610983205. La empresa: JACOTRANS es una franquicia propiedad del titular de la marca y formada por 4 delegaciones cuyos responsables son los que realizan el servicio por usted contratado y aqu\u00ed se reflejan: De Roncesvalles a Logro\u00f1o: JUAN JOS\u00c9 VENTANA LIP\u00daZCOA, N.I.F: 29142372S. Con domicilio social en c\/ Olaberrizokoa, 18, 31430 AOIZ&hellip;\" \/>\n<meta property=\"og:url\" content=\"https:\/\/www.jacotrans.es\/en\/aviso-legal\/\" \/>\n<meta property=\"og:site_name\" content=\"JACOTRANS\" \/>\n<meta property=\"article:publisher\" content=\"https:\/\/www.facebook.com\/transportedemochilas\/\" \/>\n<meta property=\"article:modified_time\" content=\"2024-03-26T16:26:11+00:00\" \/>\n<meta property=\"og:image\" content=\"https:\/\/www.jacotrans.es\/wp-content\/uploads\/2017\/03\/flecha-amarilla.jpg\" \/>\n\t<meta property=\"og:image:width\" content=\"1600\" \/>\n\t<meta property=\"og:image:height\" content=\"1200\" \/>\n\t<meta property=\"og:image:type\" content=\"image\/jpeg\" \/>\n<meta name=\"twitter:card\" content=\"summary_large_image\" \/>\n<meta name=\"twitter:site\" content=\"@Jacotrans\" \/>\n<meta name=\"twitter:label1\" content=\"Est. reading time\" \/>\n\t<meta name=\"twitter:data1\" content=\"6 minutes\" \/>\n<script type=\"application\/ld+json\" class=\"yoast-schema-graph\">{\"@context\":\"https:\\\/\\\/schema.org\",\"@graph\":[{\"@type\":\"WebPage\",\"@id\":\"https:\\\/\\\/www.jacotrans.es\\\/en\\\/aviso-legal\\\/\",\"url\":\"https:\\\/\\\/www.jacotrans.es\\\/en\\\/aviso-legal\\\/\",\"name\":\"Aviso Legal y condiciones de uso - JACOTRANS\",\"isPartOf\":{\"@id\":\"https:\\\/\\\/www.jacotrans.es\\\/en\\\/#website\"},\"datePublished\":\"2019-02-21T18:01:15+00:00\",\"dateModified\":\"2024-03-26T16:26:11+00:00\",\"breadcrumb\":{\"@id\":\"https:\\\/\\\/www.jacotrans.es\\\/en\\\/aviso-legal\\\/#breadcrumb\"},\"inLanguage\":\"en-US\",\"potentialAction\":[{\"@type\":\"ReadAction\",\"target\":[\"https:\\\/\\\/www.jacotrans.es\\\/en\\\/aviso-legal\\\/\"]}]},{\"@type\":\"BreadcrumbList\",\"@id\":\"https:\\\/\\\/www.jacotrans.es\\\/en\\\/aviso-legal\\\/#breadcrumb\",\"itemListElement\":[{\"@type\":\"ListItem\",\"position\":1,\"name\":\"Portada\",\"item\":\"https:\\\/\\\/www.jacotrans.es\\\/en\\\/\"},{\"@type\":\"ListItem\",\"position\":2,\"name\":\"Aviso Legal y condiciones de uso\"}]},{\"@type\":\"WebSite\",\"@id\":\"https:\\\/\\\/www.jacotrans.es\\\/en\\\/#website\",\"url\":\"https:\\\/\\\/www.jacotrans.es\\\/en\\\/\",\"name\":\"Jacotrans\",\"description\":\"Transport of luggage on the Camino de Santiago\",\"potentialAction\":[{\"@type\":\"SearchAction\",\"target\":{\"@type\":\"EntryPoint\",\"urlTemplate\":\"https:\\\/\\\/www.jacotrans.es\\\/en\\\/?s={search_term_string}\"},\"query-input\":{\"@type\":\"PropertyValueSpecification\",\"valueRequired\":true,\"valueName\":\"search_term_string\"}}],\"inLanguage\":\"en-US\"}]}<\/script>\n<!-- \/ Yoast SEO plugin. -->","yoast_head_json":{"title":"Aviso Legal y condiciones de uso - JACOTRANS","robots":{"index":"index","follow":"follow","max-snippet":"max-snippet:-1","max-image-preview":"max-image-preview:large","max-video-preview":"max-video-preview:-1"},"canonical":"https:\/\/www.jacotrans.es\/en\/aviso-legal\/","og_locale":"en_US","og_type":"article","og_title":"Aviso Legal y condiciones de uso - JACOTRANS","og_description":"Datos identificativos. JACOTRANS, servicios al peregrino, nombre comercial, es propiedad de JUAN JOS\u00c9 VENTANA LIP\u00daZCOA, NIF: 29142372S. Con domicilio en c\/ Olaberrizokoa, 18, 31430 AOIZ , Navarra. Tf 610983205. La empresa: JACOTRANS es una franquicia propiedad del titular de la marca y formada por 4 delegaciones cuyos responsables son los que realizan el servicio por usted contratado y aqu\u00ed se reflejan: De Roncesvalles a Logro\u00f1o: JUAN JOS\u00c9 VENTANA LIP\u00daZCOA, N.I.F: 29142372S. Con domicilio social en c\/ Olaberrizokoa, 18, 31430 AOIZ&hellip;","og_url":"https:\/\/www.jacotrans.es\/en\/aviso-legal\/","og_site_name":"JACOTRANS","article_publisher":"https:\/\/www.facebook.com\/transportedemochilas\/","article_modified_time":"2024-03-26T16:26:11+00:00","og_image":[{"width":1600,"height":1200,"url":"https:\/\/www.jacotrans.es\/wp-content\/uploads\/2017\/03\/flecha-amarilla.jpg","type":"image\/jpeg"}],"twitter_card":"summary_large_image","twitter_site":"@Jacotrans","twitter_misc":{"Est. reading time":"6 minutes"},"schema":{"@context":"https:\/\/schema.org","@graph":[{"@type":"WebPage","@id":"https:\/\/www.jacotrans.es\/en\/aviso-legal\/","url":"https:\/\/www.jacotrans.es\/en\/aviso-legal\/","name":"Aviso Legal y condiciones de uso - JACOTRANS","isPartOf":{"@id":"https:\/\/www.jacotrans.es\/en\/#website"},"datePublished":"2019-02-21T18:01:15+00:00","dateModified":"2024-03-26T16:26:11+00:00","breadcrumb":{"@id":"https:\/\/www.jacotrans.es\/en\/aviso-legal\/#breadcrumb"},"inLanguage":"en-US","potentialAction":[{"@type":"ReadAction","target":["https:\/\/www.jacotrans.es\/en\/aviso-legal\/"]}]},{"@type":"BreadcrumbList","@id":"https:\/\/www.jacotrans.es\/en\/aviso-legal\/#breadcrumb","itemListElement":[{"@type":"ListItem","position":1,"name":"Portada","item":"https:\/\/www.jacotrans.es\/en\/"},{"@type":"ListItem","position":2,"name":"Aviso Legal y condiciones de uso"}]},{"@type":"WebSite","@id":"https:\/\/www.jacotrans.es\/en\/#website","url":"https:\/\/www.jacotrans.es\/en\/","name":"Jacotrans","description":"Transport of luggage on the Camino de Santiago","potentialAction":[{"@type":"SearchAction","target":{"@type":"EntryPoint","urlTemplate":"https:\/\/www.jacotrans.es\/en\/?s={search_term_string}"},"query-input":{"@type":"PropertyValueSpecification","valueRequired":true,"valueName":"search_term_string"}}],"inLanguage":"en-US"}]}},"_links":{"self":[{"href":"https:\/\/www.jacotrans.es\/en\/wp-json\/wp\/v2\/pages\/4486","targetHints":{"allow":["GET"]}}],"collection":[{"href":"https:\/\/www.jacotrans.es\/en\/wp-json\/wp\/v2\/pages"}],"about":[{"href":"https:\/\/www.jacotrans.es\/en\/wp-json\/wp\/v2\/types\/page"}],"author":[{"embeddable":true,"href":"https:\/\/www.jacotrans.es\/en\/wp-json\/wp\/v2\/users\/2"}],"replies":[{"embeddable":true,"href":"https:\/\/www.jacotrans.es\/en\/wp-json\/wp\/v2\/comments?post=4486"}],"version-history":[{"count":4,"href":"https:\/\/www.jacotrans.es\/en\/wp-json\/wp\/v2\/pages\/4486\/revisions"}],"predecessor-version":[{"id":5293,"href":"https:\/\/www.jacotrans.es\/en\/wp-json\/wp\/v2\/pages\/4486\/revisions\/5293"}],"wp:attachment":[{"href":"https:\/\/www.jacotrans.es\/en\/wp-json\/wp\/v2\/media?parent=4486"}],"curies":[{"name":"wp","href":"https:\/\/api.w.org\/{rel}","templated":true}]}}