{"id":133,"date":"2017-03-13T17:23:09","date_gmt":"2017-03-13T17:23:09","guid":{"rendered":"https:\/\/www.jacotrans.es\/acerca-de\/"},"modified":"2026-02-25T14:46:15","modified_gmt":"2026-02-25T14:46:15","slug":"transporte-de-equipajes-camino-santiago","status":"publish","type":"page","link":"https:\/\/www.jacotrans.es\/fr\/transporte-de-equipajes-camino-santiago\/","title":{"rendered":"Acerca de"},"content":{"rendered":"<h1 class=\"otQkpb\" role=\"heading\" aria-level=\"3\" data-complete=\"true\" data-processed=\"true\"><strong class=\"Yjhzub\" data-complete=\"true\">QUI SOMMES-NOUS ?<\/strong><button class=\"rBl3me\" tabindex=\"0\" data-amic=\"true\" data-icl-uuid=\"96fb72a9-3430-41f0-b0b2-d96b69201154\" aria-label=\"Ver enlaces relacionados\" data-wiz-attrbind=\"disabled=t5ieOd_h\/C5gNJc;aria-label=t5ieOd_h\/bOjMyf;class=t5ieOd_h\/UpSNec\" data-ved=\"2ahUKEwis44vr7_SSAxUFfKQEHVMyG9sQye0OegYIAQgCEAA\"><\/button><\/h1>\n<h4 class=\"Y3BBE\" data-hveid=\"CAEIAxAA\" data-complete=\"true\" data-processed=\"true\"><strong class=\"Yjhzub\" data-complete=\"true\" data-processed=\"true\">JACOTRANS : Services au p\u00e8lerin depuis 2006.<\/strong><br data-serialized-params=\"[]\" data-complete=\"true\" data-processed=\"true\" \/>Cr\u00e9\u00e9e avec le soutien du D\u00e9partement du Tourisme du Gouvernement de Navarre, notre entreprise a \u00e9t\u00e9\u00a0<strong class=\"Yjhzub\" data-complete=\"true\" data-processed=\"true\">pionni\u00e8re<\/strong>\u00a0dans le transport de sacs \u00e0 dos sur l&#8217;ensemble du Chemin de Compostelle. Nous sommes une agence de tourisme officielle (UETC0014) d\u00e9di\u00e9e \u00e0 faciliter votre exp\u00e9rience.<button class=\"rBl3me\" tabindex=\"0\" data-amic=\"true\" data-icl-uuid=\"f4e89f63-65a2-4b27-aae9-0aef6b4fd0df\" aria-label=\"Ver enlaces relacionados\" data-wiz-attrbind=\"disabled=t5ieOd_o\/C5gNJc;aria-label=t5ieOd_o\/bOjMyf;class=t5ieOd_o\/UpSNec\" data-ved=\"2ahUKEwis44vr7_SSAxUFfKQEHVMyG9sQye0OegYIAQgDEAE\"><\/button><\/h4>\n<h4 class=\"otQkpb\" role=\"heading\" aria-level=\"3\" data-complete=\"true\" data-processed=\"true\"><span style=\"color: #ff9900;\"><strong class=\"Yjhzub\" data-complete=\"true\">NOS SERVICES<\/strong><button class=\"rBl3me\" tabindex=\"0\" data-amic=\"true\" data-icl-uuid=\"1a5e378e-092a-4903-9697-99cb0a6e401d\" aria-label=\"Ver enlaces relacionados\" data-wiz-attrbind=\"disabled=t5ieOd_x\/C5gNJc;aria-label=t5ieOd_x\/bOjMyf;class=t5ieOd_x\/UpSNec\" data-ved=\"2ahUKEwis44vr7_SSAxUFfKQEHVMyG9sQye0OegYIAQgEEAA\"><\/button><\/span><\/h4>\n<ul class=\"KsbFXc U6u95\" data-complete=\"true\" data-processed=\"true\">\n<li class=\"dF3vjf\" data-hveid=\"CAEIBRAA\" data-complete=\"true\" data-sae=\"\"><span class=\"T286Pc\" data-sfc-cp=\"\" data-complete=\"true\"><strong class=\"Yjhzub\" data-complete=\"true\">Transport de bagages :<\/strong>\u00a0Nous transportons vos sacs \u00e0 dos, valises et sacs d&#8217;\u00e9tape en \u00e9tape.<\/span><\/li>\n<li class=\"dF3vjf\" data-hveid=\"CAEIBRAB\" data-complete=\"true\" data-sae=\"\"><span class=\"T286Pc\" data-sfc-cp=\"\" data-complete=\"true\"><strong class=\"Yjhzub\" data-complete=\"true\">Consigne :<\/strong>\u00a0Service de garde s\u00e9curis\u00e9e pour vos effets personnels.<\/span><\/li>\n<li class=\"dF3vjf\" data-hveid=\"CAEIBRAC\" data-complete=\"true\" data-sae=\"\"><span class=\"T286Pc\" data-sfc-cp=\"\" data-complete=\"true\"><strong class=\"Yjhzub\" data-complete=\"true\">Assistance au p\u00e8lerin :<\/strong>\u00a0Conseils d&#8217;experts et services personnalis\u00e9s tout au long de la route.<\/span><button class=\"rBl3me\" tabindex=\"0\" data-amic=\"true\" data-icl-uuid=\"32fb24be-11c8-4139-953f-4dd48e412a65\" aria-label=\"Ver enlaces relacionados\" data-wiz-attrbind=\"disabled=t5ieOd_1a\/C5gNJc;aria-label=t5ieOd_1a\/bOjMyf;class=t5ieOd_1a\/UpSNec\" data-ved=\"2ahUKEwis44vr7_SSAxUFfKQEHVMyG9sQye0OegYIAQgFEAM\"><\/button><\/li>\n<\/ul>\n<h4 class=\"otQkpb\" role=\"heading\" aria-level=\"3\" data-complete=\"true\" data-processed=\"true\"><span style=\"color: #ff9900;\"><strong class=\"Yjhzub\" data-complete=\"true\">DISPONIBILIT\u00c9 TOUTE L&#8217;ANN\u00c9E<\/strong><button class=\"rBl3me\" tabindex=\"0\" data-amic=\"true\" data-icl-uuid=\"c929d4c7-cc9f-44de-96c8-57d5883c23a6\" aria-label=\"Ver enlaces relacionados\" data-wiz-attrbind=\"disabled=t5ieOd_1j\/C5gNJc;aria-label=t5ieOd_1j\/bOjMyf;class=t5ieOd_1j\/UpSNec\" data-ved=\"2ahUKEwis44vr7_SSAxUFfKQEHVMyG9sQye0OegYIAQgGEAA\"><\/button><\/span><\/h4>\n<div class=\"Y3BBE\" data-sfc-cp=\"\" data-hveid=\"CAEIBxAA\" data-processed=\"true\" data-complete=\"true\">Le Chemin vit en toute saison. C&#8217;est pourquoi nous proposons nos services\u00a0<strong class=\"Yjhzub\" data-complete=\"true\" data-processed=\"true\">toute l&#8217;ann\u00e9e<\/strong>, r\u00e9pondant \u00e0 une demande qui n&#8217;est plus seulement saisonni\u00e8re. Que vous marchiez en \u00e9t\u00e9 ou en hiver, nous sommes \u00e0 vos c\u00f4t\u00e9s.<button class=\"rBl3me\" tabindex=\"0\" data-amic=\"true\" data-icl-uuid=\"2bcfe926-9695-49f1-9769-6f669e7a80c6\" aria-label=\"Ver enlaces relacionados\" data-wiz-attrbind=\"disabled=t5ieOd_1o\/C5gNJc;aria-label=t5ieOd_1o\/bOjMyf;class=t5ieOd_1o\/UpSNec\" data-ved=\"2ahUKEwis44vr7_SSAxUFfKQEHVMyG9sQye0OegYIAQgHEAE\"><\/button><\/div>\n<div class=\"Fsg96\" data-sfc-cp=\"\" data-complete=\"true\" data-processed=\"true\"><\/div>\n<div data-subtree=\"aimba\" data-complete=\"true\" data-processed=\"true\">\n<div class=\"Jd31eb\" data-complete=\"true\" data-processed=\"true\"><span style=\"color: #ff9900;\"><strong class=\"Yjhzub\" style=\"font-size: revert;\" data-complete=\"true\">INNOVATION ET INFORMATION<\/strong><\/span><\/div>\n<\/div>\n<div class=\"Y3BBE\" data-sfc-cp=\"\" data-hveid=\"CAEICRAA\" data-complete=\"true\" data-processed=\"true\">Nous croyons au d\u00e9veloppement continu comme pilier de notre service. C&#8217;est pourquoi nous \u00e9laborons r\u00e9guli\u00e8rement :<button class=\"rBl3me\" tabindex=\"0\" data-amic=\"true\" data-icl-uuid=\"e00526e1-3422-4df8-b301-dbf1b8ad76a2\" aria-label=\"Ver enlaces relacionados\" data-wiz-attrbind=\"disabled=t5ieOd_21\/C5gNJc;aria-label=t5ieOd_21\/bOjMyf;class=t5ieOd_21\/UpSNec\" data-ved=\"2ahUKEwis44vr7_SSAxUFfKQEHVMyG9sQye0OegYIAQgJEAE\"><\/button><\/div>\n<ul class=\"KsbFXc U6u95\" data-complete=\"true\" data-processed=\"true\">\n<li class=\"dF3vjf\" data-hveid=\"CAEIChAA\" data-complete=\"true\" data-sae=\"\"><span class=\"T286Pc\" data-sfc-cp=\"\" data-complete=\"true\">Des\u00a0<strong class=\"Yjhzub\" data-complete=\"true\">Guides du Chemin<\/strong>\u00a0actualis\u00e9s.<\/span><\/li>\n<li class=\"dF3vjf\" data-hveid=\"CAEIChAB\" data-complete=\"true\" data-sae=\"\"><span class=\"T286Pc\" data-sfc-cp=\"\" data-complete=\"true\">Des informations utiles via nos\u00a0<strong class=\"Yjhzub\" data-complete=\"true\">r\u00e9seaux sociaux<\/strong>.<\/span><\/li>\n<li class=\"dF3vjf\" data-hveid=\"CAEIChAC\" data-complete=\"true\" data-sae=\"\"><span class=\"T286Pc\" data-sfc-cp=\"\" data-complete=\"true\">Des sites web sp\u00e9cialis\u00e9s pour am\u00e9liorer votre voyage.<\/span><button class=\"rBl3me\" tabindex=\"0\" data-amic=\"true\" data-icl-uuid=\"2e1d5cb3-5ad9-4a89-957e-59e1e827e908\" aria-label=\"Ver enlaces relacionados\" data-wiz-attrbind=\"disabled=t5ieOd_2d\/C5gNJc;aria-label=t5ieOd_2d\/bOjMyf;class=t5ieOd_2d\/UpSNec\" data-ved=\"2ahUKEwis44vr7_SSAxUFfKQEHVMyG9sQye0OegYIAQgKEAM\"><\/button><\/li>\n<\/ul>\n<h4 class=\"otQkpb\" role=\"heading\" aria-level=\"3\" data-complete=\"true\" data-processed=\"true\"><span style=\"color: #ff9900;\"><strong class=\"Yjhzub\" data-complete=\"true\">TRANSPORT DE BAGAGES<\/strong><button class=\"rBl3me\" tabindex=\"0\" data-amic=\"true\" data-icl-uuid=\"4e17e0a0-fa2a-41ee-934b-81afbf9df9b5\" aria-label=\"Ver enlaces relacionados\" data-wiz-attrbind=\"disabled=t5ieOd_2j\/C5gNJc;aria-label=t5ieOd_2j\/bOjMyf;class=t5ieOd_2j\/UpSNec\" data-ved=\"2ahUKEwis44vr7_SSAxUFfKQEHVMyG9sQye0OegYIAQgLEAA\"><\/button><\/span><\/h4>\n<div class=\"Y3BBE\" data-sfc-cp=\"\" data-hveid=\"CAEIDBAA\" data-complete=\"true\" data-processed=\"true\">C&#8217;est notre service phare : marchez l\u00e9ger et profitez pleinement du paysage. Nous r\u00e9cup\u00e9rons votre bagage le matin et le d\u00e9posons \u00e0 votre prochaine \u00e9tape.<br data-serialized-params=\"[]\" data-complete=\"true\" data-processed=\"true\" \/>\ud83d\udc49\u00a0<a href=\"https:\/\/www.jacotrans.es\/reserva.html\" target=\"_blank\" rel=\"noopener\"><span class=\"T286Pc\" data-sfc-cp=\"\" data-complete=\"true\" data-processed=\"true\"><strong class=\"Yjhzub\" data-complete=\"true\" data-processed=\"true\" aria-owns=\"action-menu-parent-container\">R\u00e9server en ligne<\/strong><\/span><\/a><\/div>\n<p style=\"text-align: center;\">Cliquez sur l&#8217;image<\/p>\n<div id=\"attachment_49\" style=\"width: 650px\" class=\"wp-caption aligncenter\"><a href=\"https:\/\/youtu.be\/S4G_3wP4ccs?si=zKXIpkuj3W_5jOPt\" target=\"_blank\" rel=\"noopener\"><img loading=\"lazy\" decoding=\"async\" aria-describedby=\"caption-attachment-49\" class=\"transporte de equipajes camino de santiago wp-image-49 size-large\" title=\"transporte de equipajes camino de santiago \" src=\"https:\/\/www.jacotrans.es\/wp-content\/uploads\/2017\/03\/mochilas_dsc01697-1024x768.jpg\" alt=\"camino de santiago\" width=\"640\" height=\"480\" srcset=\"https:\/\/www.jacotrans.es\/wp-content\/uploads\/2017\/03\/mochilas_dsc01697-1024x768.jpg 1024w, https:\/\/www.jacotrans.es\/wp-content\/uploads\/2017\/03\/mochilas_dsc01697-300x225.jpg 300w, https:\/\/www.jacotrans.es\/wp-content\/uploads\/2017\/03\/mochilas_dsc01697-768x576.jpg 768w, https:\/\/www.jacotrans.es\/wp-content\/uploads\/2017\/03\/mochilas_dsc01697.jpg 2048w\" sizes=\"auto, (max-width: 640px) 100vw, 640px\" \/><\/a><p id=\"caption-attachment-49\" class=\"wp-caption-text\"><span style=\"color: #3d518a;\"><a href=\"https:\/\/youtu.be\/S4G_3wP4ccs?si=zKXIpkuj3W_5jOPt\">V\u00eddeos de JACOTRANS\u00a0<\/a> <\/span><\/p><\/div>\n<h6>El Camino de Santiago y el transporte de equipajes, Un lugar con experiencias<\/h6>\n","protected":false},"excerpt":{"rendered":"<p>QUI SOMMES-NOUS ? JACOTRANS : Services au p\u00e8lerin depuis 2006.Cr\u00e9\u00e9e avec le soutien du D\u00e9partement du Tourisme du Gouvernement de Navarre, notre entreprise a \u00e9t\u00e9\u00a0pionni\u00e8re\u00a0dans le transport de sacs \u00e0 dos sur l&#8217;ensemble du Chemin de Compostelle. Nous sommes une agence de tourisme officielle (UETC0014) d\u00e9di\u00e9e \u00e0 faciliter votre exp\u00e9rience. NOS SERVICES Transport de bagages :\u00a0Nous transportons vos sacs \u00e0 dos, valises et sacs d&#8217;\u00e9tape en \u00e9tape. Consigne :\u00a0Service de garde s\u00e9curis\u00e9e pour vos effets personnels. Assistance au p\u00e8lerin :\u00a0Conseils&hellip;<\/p>\n","protected":false},"author":1,"featured_media":3579,"parent":0,"menu_order":0,"comment_status":"closed","ping_status":"closed","template":"","meta":{"_monsterinsights_skip_tracking":false,"_monsterinsights_sitenote_active":false,"_monsterinsights_sitenote_note":"","_monsterinsights_sitenote_category":0,"_uf_show_specific_survey":0,"_uf_disable_surveys":false,"footnotes":""},"class_list":["post-133","page","type-page","status-publish","has-post-thumbnail","hentry","post-has-thumbnail"],"yoast_head":"<!-- This site is optimized with the Yoast SEO plugin v27.4 - https:\/\/yoast.com\/product\/yoast-seo-wordpress\/ -->\n<title>Transporte de equipajes en el Camino de Santiago. Servicios al peregrino<\/title>\n<meta name=\"description\" content=\"Transporte de equipajes en el Camino de Santiago, a lo largo de toda la ruta jacobea. Reserva online en nuestro motor de reservas o p\u00eddenos presupuesto para formalizar la reserva.\" \/>\n<meta name=\"robots\" content=\"index, follow, max-snippet:-1, max-image-preview:large, max-video-preview:-1\" \/>\n<link rel=\"canonical\" href=\"https:\/\/www.jacotrans.es\/fr\/transporte-de-equipajes-camino-santiago\/\" \/>\n<meta property=\"og:locale\" content=\"fr_FR\" \/>\n<meta property=\"og:type\" content=\"article\" \/>\n<meta property=\"og:title\" content=\"Transporte de equipajes en el Camino de Santiago. Servicios al peregrino\" \/>\n<meta property=\"og:description\" content=\"Transporte de equipajes en el Camino de Santiago, a lo largo de toda la ruta jacobea. Reserva online en nuestro motor de reservas o p\u00eddenos presupuesto para formalizar la reserva.\" \/>\n<meta property=\"og:url\" content=\"https:\/\/www.jacotrans.es\/fr\/transporte-de-equipajes-camino-santiago\/\" \/>\n<meta property=\"og:site_name\" content=\"JACOTRANS\" \/>\n<meta property=\"article:publisher\" content=\"https:\/\/www.facebook.com\/transportedemochilas\/\" \/>\n<meta property=\"article:modified_time\" content=\"2026-02-25T14:46:15+00:00\" \/>\n<meta property=\"og:image\" content=\"https:\/\/www.jacotrans.es\/wp-content\/uploads\/2017\/03\/dpscamera_0010_2.jpg\" \/>\n\t<meta property=\"og:image:width\" content=\"1363\" \/>\n\t<meta property=\"og:image:height\" content=\"1243\" \/>\n\t<meta property=\"og:image:type\" content=\"image\/jpeg\" \/>\n<meta name=\"twitter:card\" content=\"summary_large_image\" \/>\n<meta name=\"twitter:site\" content=\"@Jacotrans\" \/>\n<meta name=\"twitter:label1\" content=\"Est. reading time\" \/>\n\t<meta name=\"twitter:data1\" content=\"2 minutes\" \/>\n<script type=\"application\/ld+json\" class=\"yoast-schema-graph\">{\"@context\":\"https:\\\/\\\/schema.org\",\"@graph\":[{\"@type\":\"WebPage\",\"@id\":\"https:\\\/\\\/www.jacotrans.es\\\/fr\\\/transporte-de-equipajes-camino-santiago\\\/\",\"url\":\"https:\\\/\\\/www.jacotrans.es\\\/fr\\\/transporte-de-equipajes-camino-santiago\\\/\",\"name\":\"Transporte de equipajes en el Camino de Santiago. Servicios al peregrino\",\"isPartOf\":{\"@id\":\"https:\\\/\\\/www.jacotrans.es\\\/fr\\\/#website\"},\"primaryImageOfPage\":{\"@id\":\"https:\\\/\\\/www.jacotrans.es\\\/fr\\\/transporte-de-equipajes-camino-santiago\\\/#primaryimage\"},\"image\":{\"@id\":\"https:\\\/\\\/www.jacotrans.es\\\/fr\\\/transporte-de-equipajes-camino-santiago\\\/#primaryimage\"},\"thumbnailUrl\":\"https:\\\/\\\/www.jacotrans.es\\\/wp-content\\\/uploads\\\/2017\\\/03\\\/dpscamera_0010_2.jpg\",\"datePublished\":\"2017-03-13T17:23:09+00:00\",\"dateModified\":\"2026-02-25T14:46:15+00:00\",\"description\":\"Transporte de equipajes en el Camino de Santiago, a lo largo de toda la ruta jacobea. Reserva online en nuestro motor de reservas o p\u00eddenos presupuesto para formalizar la reserva.\",\"breadcrumb\":{\"@id\":\"https:\\\/\\\/www.jacotrans.es\\\/fr\\\/transporte-de-equipajes-camino-santiago\\\/#breadcrumb\"},\"inLanguage\":\"fr-FR\",\"potentialAction\":[{\"@type\":\"ReadAction\",\"target\":[\"https:\\\/\\\/www.jacotrans.es\\\/fr\\\/transporte-de-equipajes-camino-santiago\\\/\"]}]},{\"@type\":\"ImageObject\",\"inLanguage\":\"fr-FR\",\"@id\":\"https:\\\/\\\/www.jacotrans.es\\\/fr\\\/transporte-de-equipajes-camino-santiago\\\/#primaryimage\",\"url\":\"https:\\\/\\\/www.jacotrans.es\\\/wp-content\\\/uploads\\\/2017\\\/03\\\/dpscamera_0010_2.jpg\",\"contentUrl\":\"https:\\\/\\\/www.jacotrans.es\\\/wp-content\\\/uploads\\\/2017\\\/03\\\/dpscamera_0010_2.jpg\",\"width\":1363,\"height\":1243,\"caption\":\"Deja tu mochila. Nosotros te la llevamos en el Camino de Santiago. transporte de equipajes\"},{\"@type\":\"BreadcrumbList\",\"@id\":\"https:\\\/\\\/www.jacotrans.es\\\/fr\\\/transporte-de-equipajes-camino-santiago\\\/#breadcrumb\",\"itemListElement\":[{\"@type\":\"ListItem\",\"position\":1,\"name\":\"Portada\",\"item\":\"https:\\\/\\\/www.jacotrans.es\\\/fr\\\/\"},{\"@type\":\"ListItem\",\"position\":2,\"name\":\"Acerca de\"}]},{\"@type\":\"WebSite\",\"@id\":\"https:\\\/\\\/www.jacotrans.es\\\/fr\\\/#website\",\"url\":\"https:\\\/\\\/www.jacotrans.es\\\/fr\\\/\",\"name\":\"Jacotrans\",\"description\":\"Le transport des bagages sur le Camino de Santiago\",\"potentialAction\":[{\"@type\":\"SearchAction\",\"target\":{\"@type\":\"EntryPoint\",\"urlTemplate\":\"https:\\\/\\\/www.jacotrans.es\\\/fr\\\/?s={search_term_string}\"},\"query-input\":{\"@type\":\"PropertyValueSpecification\",\"valueRequired\":true,\"valueName\":\"search_term_string\"}}],\"inLanguage\":\"fr-FR\"}]}<\/script>\n<!-- \/ Yoast SEO plugin. -->","yoast_head_json":{"title":"Transporte de equipajes en el Camino de Santiago. Servicios al peregrino","description":"Transporte de equipajes en el Camino de Santiago, a lo largo de toda la ruta jacobea. Reserva online en nuestro motor de reservas o p\u00eddenos presupuesto para formalizar la reserva.","robots":{"index":"index","follow":"follow","max-snippet":"max-snippet:-1","max-image-preview":"max-image-preview:large","max-video-preview":"max-video-preview:-1"},"canonical":"https:\/\/www.jacotrans.es\/fr\/transporte-de-equipajes-camino-santiago\/","og_locale":"fr_FR","og_type":"article","og_title":"Transporte de equipajes en el Camino de Santiago. Servicios al peregrino","og_description":"Transporte de equipajes en el Camino de Santiago, a lo largo de toda la ruta jacobea. Reserva online en nuestro motor de reservas o p\u00eddenos presupuesto para formalizar la reserva.","og_url":"https:\/\/www.jacotrans.es\/fr\/transporte-de-equipajes-camino-santiago\/","og_site_name":"JACOTRANS","article_publisher":"https:\/\/www.facebook.com\/transportedemochilas\/","article_modified_time":"2026-02-25T14:46:15+00:00","og_image":[{"width":1363,"height":1243,"url":"https:\/\/www.jacotrans.es\/wp-content\/uploads\/2017\/03\/dpscamera_0010_2.jpg","type":"image\/jpeg"}],"twitter_card":"summary_large_image","twitter_site":"@Jacotrans","twitter_misc":{"Est. reading time":"2 minutes"},"schema":{"@context":"https:\/\/schema.org","@graph":[{"@type":"WebPage","@id":"https:\/\/www.jacotrans.es\/fr\/transporte-de-equipajes-camino-santiago\/","url":"https:\/\/www.jacotrans.es\/fr\/transporte-de-equipajes-camino-santiago\/","name":"Transporte de equipajes en el Camino de Santiago. Servicios al peregrino","isPartOf":{"@id":"https:\/\/www.jacotrans.es\/fr\/#website"},"primaryImageOfPage":{"@id":"https:\/\/www.jacotrans.es\/fr\/transporte-de-equipajes-camino-santiago\/#primaryimage"},"image":{"@id":"https:\/\/www.jacotrans.es\/fr\/transporte-de-equipajes-camino-santiago\/#primaryimage"},"thumbnailUrl":"https:\/\/www.jacotrans.es\/wp-content\/uploads\/2017\/03\/dpscamera_0010_2.jpg","datePublished":"2017-03-13T17:23:09+00:00","dateModified":"2026-02-25T14:46:15+00:00","description":"Transporte de equipajes en el Camino de Santiago, a lo largo de toda la ruta jacobea. Reserva online en nuestro motor de reservas o p\u00eddenos presupuesto para formalizar la reserva.","breadcrumb":{"@id":"https:\/\/www.jacotrans.es\/fr\/transporte-de-equipajes-camino-santiago\/#breadcrumb"},"inLanguage":"fr-FR","potentialAction":[{"@type":"ReadAction","target":["https:\/\/www.jacotrans.es\/fr\/transporte-de-equipajes-camino-santiago\/"]}]},{"@type":"ImageObject","inLanguage":"fr-FR","@id":"https:\/\/www.jacotrans.es\/fr\/transporte-de-equipajes-camino-santiago\/#primaryimage","url":"https:\/\/www.jacotrans.es\/wp-content\/uploads\/2017\/03\/dpscamera_0010_2.jpg","contentUrl":"https:\/\/www.jacotrans.es\/wp-content\/uploads\/2017\/03\/dpscamera_0010_2.jpg","width":1363,"height":1243,"caption":"Deja tu mochila. Nosotros te la llevamos en el Camino de Santiago. transporte de equipajes"},{"@type":"BreadcrumbList","@id":"https:\/\/www.jacotrans.es\/fr\/transporte-de-equipajes-camino-santiago\/#breadcrumb","itemListElement":[{"@type":"ListItem","position":1,"name":"Portada","item":"https:\/\/www.jacotrans.es\/fr\/"},{"@type":"ListItem","position":2,"name":"Acerca de"}]},{"@type":"WebSite","@id":"https:\/\/www.jacotrans.es\/fr\/#website","url":"https:\/\/www.jacotrans.es\/fr\/","name":"Jacotrans","description":"Le transport des bagages sur le Camino de Santiago","potentialAction":[{"@type":"SearchAction","target":{"@type":"EntryPoint","urlTemplate":"https:\/\/www.jacotrans.es\/fr\/?s={search_term_string}"},"query-input":{"@type":"PropertyValueSpecification","valueRequired":true,"valueName":"search_term_string"}}],"inLanguage":"fr-FR"}]}},"_links":{"self":[{"href":"https:\/\/www.jacotrans.es\/fr\/wp-json\/wp\/v2\/pages\/133","targetHints":{"allow":["GET"]}}],"collection":[{"href":"https:\/\/www.jacotrans.es\/fr\/wp-json\/wp\/v2\/pages"}],"about":[{"href":"https:\/\/www.jacotrans.es\/fr\/wp-json\/wp\/v2\/types\/page"}],"author":[{"embeddable":true,"href":"https:\/\/www.jacotrans.es\/fr\/wp-json\/wp\/v2\/users\/1"}],"replies":[{"embeddable":true,"href":"https:\/\/www.jacotrans.es\/fr\/wp-json\/wp\/v2\/comments?post=133"}],"version-history":[{"count":21,"href":"https:\/\/www.jacotrans.es\/fr\/wp-json\/wp\/v2\/pages\/133\/revisions"}],"predecessor-version":[{"id":5661,"href":"https:\/\/www.jacotrans.es\/fr\/wp-json\/wp\/v2\/pages\/133\/revisions\/5661"}],"wp:featuredmedia":[{"embeddable":true,"href":"https:\/\/www.jacotrans.es\/fr\/wp-json\/wp\/v2\/media\/3579"}],"wp:attachment":[{"href":"https:\/\/www.jacotrans.es\/fr\/wp-json\/wp\/v2\/media?parent=133"}],"curies":[{"name":"wp","href":"https:\/\/api.w.org\/{rel}","templated":true}]}}