{"id":524,"date":"2018-03-16T17:05:37","date_gmt":"2018-03-16T17:05:37","guid":{"rendered":"https:\/\/www.jacotrans.es\/?page_id=524"},"modified":"2018-03-16T17:07:56","modified_gmt":"2018-03-16T17:07:56","slug":"questions-et-reponses","status":"publish","type":"page","link":"https:\/\/www.jacotrans.es\/fr\/questions-et-reponses\/","title":{"rendered":"Questions et r\u00e9ponses"},"content":{"rendered":"<h1><span style=\"color: #333333;\">Questions et r\u00e9ponses<\/span><\/h1>\n<h2><span style=\"color: #333333;\">Comment arriver \u00e0 Roncevaux?<\/span><\/h2>\n<p><span style=\"color: #333333;\">Questions et r\u00e9ponses. T\u00e9l\u00e9charger ce <a style=\"color: #333333;\" href=\"https:\/\/www.jacotrans.es\/wp-content\/uploads\/2018\/01\/C%C3%B3mo-llegar-a-Roncesvalles.pdf\">pdf<\/a> avec les options de transport sur le Chemin de Saint-Jacques depuis Pampelune.<\/span><\/p>\n<p>&nbsp;<\/p>\n<h2><span style=\"color: #333333;\">JACOTRANS est-il pr\u00e9sent de Saint-Jean-Pied-de-Port ou de Roncevaux \u00e0 Santiago ?<\/span><\/h2>\n<p><span style=\"color: #333333;\">Nous offrons nos services sur l\u2019ensemble du parcours fran\u00e7ais.<\/span><\/p>\n<h2><span style=\"color: #333333;\">Comment puis-je demander un service de transport de bagages chez JACOTRANS ?<\/span><\/h2>\n<ul>\n<li><span style=\"color: #333333;\"><a style=\"color: #333333;\" href=\"https:\/\/www.jacotrans.es\/contacto\/\">Envoyez-nous<\/a> les dates et les lieux. Nous vous donnerons un devis en fonction de votre itin\u00e9raire. Cette estimation prendra en compte le nombre de bagages, le poids, les \u00e9tapes et les jours. Les bagages doivent \u00eatre laiss\u00e9s \u00e0 l&#8217;endroit d\u00e9sign\u00e9 o\u00f9 ils seront log\u00e9s avant 8 heures du matin.<\/span><\/li>\n<li><span style=\"color: #333333;\">Jour par jour. T\u00e9l\u00e9phonez-nous pour r\u00e9server le service.<\/span><\/li>\n<li><span style=\"color: #333333;\">En Navarre jusqu\u2019\u00e0 Logro\u00f1o,\u00a0<strong>Juanjo,<\/strong>T\u00e9l. +34 610983205<\/span><\/li>\n<li><span style=\"color: #333333;\">Dans la Rioja jusqu\u2019\u00e0 Burgos,\u00a0<strong>Eduardo<\/strong>, T\u00e9l. +34 608447177<\/span><\/li>\n<li><span style=\"color: #333333;\">Jusqu\u2019\u00e0 Le\u00f3n, <strong>Luis \u00c1ngel<\/strong>, T\u00e9l. +34 650451540<\/span><\/li>\n<li><span style=\"color: #333333;\">De Burgos \u00e0 Finisterre,\u00a0<strong>Jose Luis<\/strong> T\u00e9l. +34 606049858<\/span><\/li>\n<li><span style=\"color: #333333;\">Nous serons inform\u00e9s par les g\u00e9rants des installations o\u00f9 vous s\u00e9journez. Informez-les de votre demande et demandez une confirmation. Gr\u00e2ce \u00e0 notre <a style=\"color: #333333;\" href=\"https:\/\/www.jacotrans.es\/reserva.html\">moteur<\/a> de r\u00e9servation en ligne : https:\/\/www.jacotrans.es\/reserva.html<\/span><\/li>\n<\/ul>\n<p><span style=\"color: #333333;\"><img loading=\"lazy\" decoding=\"async\" class=\"Questions et r\u00e9ponses aligncenter wp-image-177 size-medium\" src=\"https:\/\/www.jacotrans.es\/wp-content\/uploads\/2018\/01\/RESERVAS-ONLINE-JACOTRANS-300x261.jpg\" alt=\"transporte de equipaje online Questions et r\u00e9ponses\" width=\"300\" height=\"261\" srcset=\"https:\/\/www.jacotrans.es\/wp-content\/uploads\/2018\/01\/RESERVAS-ONLINE-JACOTRANS-300x261.jpg 300w, https:\/\/www.jacotrans.es\/wp-content\/uploads\/2018\/01\/RESERVAS-ONLINE-JACOTRANS-768x669.jpg 768w, https:\/\/www.jacotrans.es\/wp-content\/uploads\/2018\/01\/RESERVAS-ONLINE-JACOTRANS.jpg 869w\" sizes=\"auto, (max-width: 300px) 100vw, 300px\" \/><\/span><\/p>\n<p style=\"text-align: center;\"><span style=\"color: #333333;\">R\u00e9server en ligne le transport de vos bagages<\/span><\/p>\n<h2><span style=\"color: #333333;\">Est-ce que JACOTRANS peut collecter et livrer les bagages dans tous les types d&#8217;h\u00e9bergement ?<\/span><\/h2>\n<p><span style=\"color: #333333;\">C&#8217;est possible dans 99,9% des h\u00e9bergements le long du Chemin. Demandez notre guide des h\u00e9bergements.<\/span><\/p>\n<h2><span style=\"color: #333333;\">Faites-vous des r\u00e9servations d&#8217;h\u00f4tel ? Pouvez-vous recommander une structure ?<\/span><\/h2>\n<p><span style=\"color: #333333;\">Nous ne faisons pas de r\u00e9servations directement mais nous pouvons certainement vous fournir des recommandations ; vous trouverez des informations utiles en consultant le <a style=\"color: #333333;\" href=\"http:\/\/www.infoperegrino.info\">site\u00a0<\/a>:<\/span><\/p>\n<p><span style=\"color: #333333;\"><a style=\"color: #333333;\" href=\"http:\/\/www.infoperegrino.info\/\">www.infoperegrino.info<\/a><\/span><\/p>\n<h2><span style=\"color: #333333;\">\u00c0 quelle heure collectez-vous les bagages le matin et \u00e0 quelle heure les livrez-vous l&#8217;apr\u00e8s-midi ?<\/span><\/h2>\n<p><span style=\"color: #333333;\">Nous commen\u00e7ons la collecte \u00e0 huit heures du matin et terminons la livraison entre 12:00 et 14:30.<\/span><\/p>\n<h2><span style=\"color: #333333;\">Travaillez-vous toute l&#8217;ann\u00e9e ?<\/span><\/h2>\n<p><span style=\"color: #333333;\">Oui, nous travaillons toute l&#8217;ann\u00e9e. Le prix d\u00e9pend de la p\u00e9riode. Vous pouvez consulter les prix en fonction de la saison.<\/span><\/p>\n<h2><span style=\"color: #333333;\">Transportez-vous \u00e9galement des personnes ?<\/span><\/h2>\n<p><span style=\"color: #333333;\">Dans ce cas, vous aurez besoin d&#8217;un taxi et nous pouvons l&#8217;organiser pour vous.<\/span><\/p>\n<h2><span style=\"color: #333333;\">Comment s&#8217;effectue le paiement ?<\/span><\/h2>\n<p><span style=\"color: #333333;\">Vous pouvez choisir comment effectuer le paiement. Par carte de cr\u00e9dit, par virement bancaire ou au jour le jour en esp\u00e8ces ; dans ce cas, demandez une <a style=\"color: #333333;\" href=\"https:\/\/www.jacotrans.es\/wp-content\/uploads\/2018\/01\/Como-hacer-el-sobre.pdf\">enveloppe<\/a> de JACOTRANS \u00e0 l&#8217;\u00e9tablissement o\u00f9 vous s\u00e9journez, \u00e9crivez votre nom et pr\u00e9nom, l&#8217;endroit o\u00f9 vous souhaitez la livraison et introduisez l&#8217;argent \u00e0 l&#8217;int\u00e9rieur.<\/span><\/p>\n<p><span style=\"color: #333333;\"><img loading=\"lazy\" decoding=\"async\" class=\"aligncenter wp-image-374 size-medium\" src=\"https:\/\/www.jacotrans.es\/wp-content\/uploads\/2018\/01\/Sobre-JACOTRANS-210x300.jpg\" alt=\"PREGUNTAS Y RESPUESTAS Questions et r\u00e9ponses\" width=\"210\" height=\"300\" srcset=\"https:\/\/www.jacotrans.es\/wp-content\/uploads\/2018\/01\/Sobre-JACOTRANS-210x300.jpg 210w, https:\/\/www.jacotrans.es\/wp-content\/uploads\/2018\/01\/Sobre-JACOTRANS.jpg 627w\" sizes=\"auto, (max-width: 210px) 100vw, 210px\" \/><\/span><\/p>\n<p><span style=\"color: #333333;\">Avez-vous d&#8217;autres questions ? Nous serons heureux d&#8217;y r\u00e9pondre. Merci\u00a0!<\/span><\/p>\n","protected":false},"excerpt":{"rendered":"<p>Questions et r\u00e9ponses Comment arriver \u00e0 Roncevaux? Questions et r\u00e9ponses. T\u00e9l\u00e9charger ce pdf avec les options de transport sur le Chemin de Saint-Jacques depuis Pampelune. &nbsp; JACOTRANS est-il pr\u00e9sent de Saint-Jean-Pied-de-Port ou de Roncevaux \u00e0 Santiago ? Nous offrons nos services sur l\u2019ensemble du parcours fran\u00e7ais. Comment puis-je demander un service de transport de bagages chez JACOTRANS ? Envoyez-nous les dates et les lieux. Nous vous donnerons un devis en fonction de votre itin\u00e9raire. Cette estimation prendra en compte le&hellip;<\/p>\n","protected":false},"author":3,"featured_media":0,"parent":0,"menu_order":0,"comment_status":"closed","ping_status":"closed","template":"","meta":{"_monsterinsights_skip_tracking":false,"_monsterinsights_sitenote_active":false,"_monsterinsights_sitenote_note":"","_monsterinsights_sitenote_category":0,"_uf_show_specific_survey":0,"_uf_disable_surveys":false,"footnotes":""},"class_list":["post-524","page","type-page","status-publish","hentry"],"yoast_head":"<!-- This site is optimized with the Yoast SEO plugin v27.3 - https:\/\/yoast.com\/product\/yoast-seo-wordpress\/ -->\n<title>Transport de bagages Camino de Santiago Questions et r\u00e9ponses<\/title>\n<meta name=\"description\" content=\"Questions et r\u00e9ponses. Envoyez-nous les dates et les lieux. Nous vous donnerons un devis en fonction de votre itin\u00e9raire. Cette estimation prendra en compte le nombre de bagages, le poids, les \u00e9tapes et les jours. Les bagages doivent \u00eatre laiss\u00e9s \u00e0 l&#039;endroit d\u00e9sign\u00e9 o\u00f9 ils seront log\u00e9s avant 8 heures du matin.\" \/>\n<meta name=\"robots\" content=\"index, follow, max-snippet:-1, max-image-preview:large, max-video-preview:-1\" \/>\n<link rel=\"canonical\" href=\"https:\/\/www.jacotrans.es\/fr\/questions-et-reponses\/\" \/>\n<meta property=\"og:locale\" content=\"fr_FR\" \/>\n<meta property=\"og:type\" content=\"article\" \/>\n<meta property=\"og:title\" content=\"Transport de bagages Camino de Santiago Questions et r\u00e9ponses\" \/>\n<meta property=\"og:description\" content=\"Questions et r\u00e9ponses. Envoyez-nous les dates et les lieux. Nous vous donnerons un devis en fonction de votre itin\u00e9raire. Cette estimation prendra en compte le nombre de bagages, le poids, les \u00e9tapes et les jours. Les bagages doivent \u00eatre laiss\u00e9s \u00e0 l&#039;endroit d\u00e9sign\u00e9 o\u00f9 ils seront log\u00e9s avant 8 heures du matin.\" \/>\n<meta property=\"og:url\" content=\"https:\/\/www.jacotrans.es\/fr\/questions-et-reponses\/\" \/>\n<meta property=\"og:site_name\" content=\"JACOTRANS\" \/>\n<meta property=\"article:publisher\" content=\"https:\/\/www.facebook.com\/transportedemochilas\/\" \/>\n<meta property=\"article:modified_time\" content=\"2018-03-16T17:07:56+00:00\" \/>\n<meta property=\"og:image\" content=\"https:\/\/www.jacotrans.es\/wp-content\/uploads\/2018\/01\/RESERVAS-ONLINE-JACOTRANS-300x261.jpg\" \/>\n<meta name=\"twitter:card\" content=\"summary_large_image\" \/>\n<meta name=\"twitter:site\" content=\"@Jacotrans\" \/>\n<meta name=\"twitter:label1\" content=\"Est. reading time\" \/>\n\t<meta name=\"twitter:data1\" content=\"2 minutes\" \/>\n<script type=\"application\/ld+json\" class=\"yoast-schema-graph\">{\"@context\":\"https:\\\/\\\/schema.org\",\"@graph\":[{\"@type\":\"WebPage\",\"@id\":\"https:\\\/\\\/www.jacotrans.es\\\/fr\\\/questions-et-reponses\\\/\",\"url\":\"https:\\\/\\\/www.jacotrans.es\\\/fr\\\/questions-et-reponses\\\/\",\"name\":\"Transport de bagages Camino de Santiago Questions et r\u00e9ponses\",\"isPartOf\":{\"@id\":\"https:\\\/\\\/www.jacotrans.es\\\/fr\\\/#website\"},\"primaryImageOfPage\":{\"@id\":\"https:\\\/\\\/www.jacotrans.es\\\/fr\\\/questions-et-reponses\\\/#primaryimage\"},\"image\":{\"@id\":\"https:\\\/\\\/www.jacotrans.es\\\/fr\\\/questions-et-reponses\\\/#primaryimage\"},\"thumbnailUrl\":\"https:\\\/\\\/www.jacotrans.es\\\/wp-content\\\/uploads\\\/2018\\\/01\\\/RESERVAS-ONLINE-JACOTRANS-300x261.jpg\",\"datePublished\":\"2018-03-16T17:05:37+00:00\",\"dateModified\":\"2018-03-16T17:07:56+00:00\",\"description\":\"Questions et r\u00e9ponses. Envoyez-nous les dates et les lieux. Nous vous donnerons un devis en fonction de votre itin\u00e9raire. Cette estimation prendra en compte le nombre de bagages, le poids, les \u00e9tapes et les jours. Les bagages doivent \u00eatre laiss\u00e9s \u00e0 l'endroit d\u00e9sign\u00e9 o\u00f9 ils seront log\u00e9s avant 8 heures du matin.\",\"breadcrumb\":{\"@id\":\"https:\\\/\\\/www.jacotrans.es\\\/fr\\\/questions-et-reponses\\\/#breadcrumb\"},\"inLanguage\":\"fr-FR\",\"potentialAction\":[{\"@type\":\"ReadAction\",\"target\":[\"https:\\\/\\\/www.jacotrans.es\\\/fr\\\/questions-et-reponses\\\/\"]}]},{\"@type\":\"ImageObject\",\"inLanguage\":\"fr-FR\",\"@id\":\"https:\\\/\\\/www.jacotrans.es\\\/fr\\\/questions-et-reponses\\\/#primaryimage\",\"url\":\"https:\\\/\\\/www.jacotrans.es\\\/wp-content\\\/uploads\\\/2018\\\/01\\\/RESERVAS-ONLINE-JACOTRANS-300x261.jpg\",\"contentUrl\":\"https:\\\/\\\/www.jacotrans.es\\\/wp-content\\\/uploads\\\/2018\\\/01\\\/RESERVAS-ONLINE-JACOTRANS-300x261.jpg\"},{\"@type\":\"BreadcrumbList\",\"@id\":\"https:\\\/\\\/www.jacotrans.es\\\/fr\\\/questions-et-reponses\\\/#breadcrumb\",\"itemListElement\":[{\"@type\":\"ListItem\",\"position\":1,\"name\":\"Portada\",\"item\":\"https:\\\/\\\/www.jacotrans.es\\\/fr\\\/\"},{\"@type\":\"ListItem\",\"position\":2,\"name\":\"Questions et r\u00e9ponses\"}]},{\"@type\":\"WebSite\",\"@id\":\"https:\\\/\\\/www.jacotrans.es\\\/fr\\\/#website\",\"url\":\"https:\\\/\\\/www.jacotrans.es\\\/fr\\\/\",\"name\":\"Jacotrans\",\"description\":\"Le transport des bagages sur le Camino de Santiago\",\"potentialAction\":[{\"@type\":\"SearchAction\",\"target\":{\"@type\":\"EntryPoint\",\"urlTemplate\":\"https:\\\/\\\/www.jacotrans.es\\\/fr\\\/?s={search_term_string}\"},\"query-input\":{\"@type\":\"PropertyValueSpecification\",\"valueRequired\":true,\"valueName\":\"search_term_string\"}}],\"inLanguage\":\"fr-FR\"}]}<\/script>\n<!-- \/ Yoast SEO plugin. -->","yoast_head_json":{"title":"Transport de bagages Camino de Santiago Questions et r\u00e9ponses","description":"Questions et r\u00e9ponses. Envoyez-nous les dates et les lieux. Nous vous donnerons un devis en fonction de votre itin\u00e9raire. Cette estimation prendra en compte le nombre de bagages, le poids, les \u00e9tapes et les jours. Les bagages doivent \u00eatre laiss\u00e9s \u00e0 l'endroit d\u00e9sign\u00e9 o\u00f9 ils seront log\u00e9s avant 8 heures du matin.","robots":{"index":"index","follow":"follow","max-snippet":"max-snippet:-1","max-image-preview":"max-image-preview:large","max-video-preview":"max-video-preview:-1"},"canonical":"https:\/\/www.jacotrans.es\/fr\/questions-et-reponses\/","og_locale":"fr_FR","og_type":"article","og_title":"Transport de bagages Camino de Santiago Questions et r\u00e9ponses","og_description":"Questions et r\u00e9ponses. Envoyez-nous les dates et les lieux. Nous vous donnerons un devis en fonction de votre itin\u00e9raire. Cette estimation prendra en compte le nombre de bagages, le poids, les \u00e9tapes et les jours. Les bagages doivent \u00eatre laiss\u00e9s \u00e0 l'endroit d\u00e9sign\u00e9 o\u00f9 ils seront log\u00e9s avant 8 heures du matin.","og_url":"https:\/\/www.jacotrans.es\/fr\/questions-et-reponses\/","og_site_name":"JACOTRANS","article_publisher":"https:\/\/www.facebook.com\/transportedemochilas\/","article_modified_time":"2018-03-16T17:07:56+00:00","og_image":[{"url":"https:\/\/www.jacotrans.es\/wp-content\/uploads\/2018\/01\/RESERVAS-ONLINE-JACOTRANS-300x261.jpg","type":"","width":"","height":""}],"twitter_card":"summary_large_image","twitter_site":"@Jacotrans","twitter_misc":{"Est. reading time":"2 minutes"},"schema":{"@context":"https:\/\/schema.org","@graph":[{"@type":"WebPage","@id":"https:\/\/www.jacotrans.es\/fr\/questions-et-reponses\/","url":"https:\/\/www.jacotrans.es\/fr\/questions-et-reponses\/","name":"Transport de bagages Camino de Santiago Questions et r\u00e9ponses","isPartOf":{"@id":"https:\/\/www.jacotrans.es\/fr\/#website"},"primaryImageOfPage":{"@id":"https:\/\/www.jacotrans.es\/fr\/questions-et-reponses\/#primaryimage"},"image":{"@id":"https:\/\/www.jacotrans.es\/fr\/questions-et-reponses\/#primaryimage"},"thumbnailUrl":"https:\/\/www.jacotrans.es\/wp-content\/uploads\/2018\/01\/RESERVAS-ONLINE-JACOTRANS-300x261.jpg","datePublished":"2018-03-16T17:05:37+00:00","dateModified":"2018-03-16T17:07:56+00:00","description":"Questions et r\u00e9ponses. Envoyez-nous les dates et les lieux. Nous vous donnerons un devis en fonction de votre itin\u00e9raire. Cette estimation prendra en compte le nombre de bagages, le poids, les \u00e9tapes et les jours. Les bagages doivent \u00eatre laiss\u00e9s \u00e0 l'endroit d\u00e9sign\u00e9 o\u00f9 ils seront log\u00e9s avant 8 heures du matin.","breadcrumb":{"@id":"https:\/\/www.jacotrans.es\/fr\/questions-et-reponses\/#breadcrumb"},"inLanguage":"fr-FR","potentialAction":[{"@type":"ReadAction","target":["https:\/\/www.jacotrans.es\/fr\/questions-et-reponses\/"]}]},{"@type":"ImageObject","inLanguage":"fr-FR","@id":"https:\/\/www.jacotrans.es\/fr\/questions-et-reponses\/#primaryimage","url":"https:\/\/www.jacotrans.es\/wp-content\/uploads\/2018\/01\/RESERVAS-ONLINE-JACOTRANS-300x261.jpg","contentUrl":"https:\/\/www.jacotrans.es\/wp-content\/uploads\/2018\/01\/RESERVAS-ONLINE-JACOTRANS-300x261.jpg"},{"@type":"BreadcrumbList","@id":"https:\/\/www.jacotrans.es\/fr\/questions-et-reponses\/#breadcrumb","itemListElement":[{"@type":"ListItem","position":1,"name":"Portada","item":"https:\/\/www.jacotrans.es\/fr\/"},{"@type":"ListItem","position":2,"name":"Questions et r\u00e9ponses"}]},{"@type":"WebSite","@id":"https:\/\/www.jacotrans.es\/fr\/#website","url":"https:\/\/www.jacotrans.es\/fr\/","name":"Jacotrans","description":"Le transport des bagages sur le Camino de Santiago","potentialAction":[{"@type":"SearchAction","target":{"@type":"EntryPoint","urlTemplate":"https:\/\/www.jacotrans.es\/fr\/?s={search_term_string}"},"query-input":{"@type":"PropertyValueSpecification","valueRequired":true,"valueName":"search_term_string"}}],"inLanguage":"fr-FR"}]}},"_links":{"self":[{"href":"https:\/\/www.jacotrans.es\/fr\/wp-json\/wp\/v2\/pages\/524","targetHints":{"allow":["GET"]}}],"collection":[{"href":"https:\/\/www.jacotrans.es\/fr\/wp-json\/wp\/v2\/pages"}],"about":[{"href":"https:\/\/www.jacotrans.es\/fr\/wp-json\/wp\/v2\/types\/page"}],"author":[{"embeddable":true,"href":"https:\/\/www.jacotrans.es\/fr\/wp-json\/wp\/v2\/users\/3"}],"replies":[{"embeddable":true,"href":"https:\/\/www.jacotrans.es\/fr\/wp-json\/wp\/v2\/comments?post=524"}],"version-history":[{"count":2,"href":"https:\/\/www.jacotrans.es\/fr\/wp-json\/wp\/v2\/pages\/524\/revisions"}],"predecessor-version":[{"id":529,"href":"https:\/\/www.jacotrans.es\/fr\/wp-json\/wp\/v2\/pages\/524\/revisions\/529"}],"wp:attachment":[{"href":"https:\/\/www.jacotrans.es\/fr\/wp-json\/wp\/v2\/media?parent=524"}],"curies":[{"name":"wp","href":"https:\/\/api.w.org\/{rel}","templated":true}]}}