{"id":602,"date":"2018-04-09T16:57:53","date_gmt":"2018-04-09T16:57:53","guid":{"rendered":"https:\/\/www.jacotrans.es\/?page_id=602"},"modified":"2026-02-06T21:46:53","modified_gmt":"2026-02-06T21:46:53","slug":"depot-de-bagages-a-santiago","status":"publish","type":"page","link":"https:\/\/www.jacotrans.es\/fr\/transporte-de-equipajes-camino-santiago\/depot-de-bagages-a-santiago\/","title":{"rendered":"D\u00e9p\u00f4t de bagages \u00e0 Santiago"},"content":{"rendered":"<h1>D\u00e9p\u00f4t de bagages \u00e0 Santiago<\/h1>\n<h6>Ouverture d\u2019un nouveau bureau JACOTRANS \u00e0 Santiago de Compostelle.<\/h6>\n<p>D\u00e9p\u00f4t de bagages \u00e0 Santiago. Pour des envois directs sur de longues distances ou le d\u00e9p\u00f4t de \u00a0bagages, JACOTRANS offre \u00e0 ses clients un service gratuit. Cela repr\u00e9sente une am\u00e9lioration en termes de qualit\u00e9 et de prix par rapport au service postal fourni jusqu&#8217;\u00e0 pr\u00e9sent, qui \u00e9tait de plus augment\u00e9 par les frais de d\u00e9p\u00f4t et la complexit\u00e9 de la gestion en cas d&#8217;accidents.<\/p>\n<p>&nbsp;<\/p>\n<h6>Qu&#8217;est-ce que nous proposons ?<\/h6>\n<p>Nous offrons la possibilit\u00e9 d&#8217;envoyer votre deuxi\u00e8me bagage, tout colis en surpoids, vos souvenirs, etc. depuis n&#8217;importe quel <a href=\"https:\/\/www.jacotrans.es\/fr\/transporte-de-equipajes-camino-santiago\/\">lieu sur le chemin<\/a>, pour rendre votre \u00a0voyage plus ais\u00e9. Nous garderons en d\u00e9p\u00f4t ces colis jusqu&#8217;\u00e0 votre arriv\u00e9e. Le d\u00e9p\u00f4t est compl\u00e8tement gratuit, seuls les frais d\u2019exp\u00e9dition pouvant varier de 15 \u00e0 40\u20ac sont \u00e0 votre charge.\u00a0 Si votre destination est un h\u00f4tel, une habitation, un bureau&#8230;. le service est le m\u00eame, avec les m\u00eames garanties.<\/p>\n<h6>Comment cela fonctionne-t-il ?<\/h6>\n<p>Indiquez-nous o\u00f9 nous pouvons r\u00e9cup\u00e9rer vos bagages. Nous les prenons en charge, emballons, envoyons par courrier express et stockons jusqu&#8217;\u00e0 votre arriv\u00e9e.<\/p>\n<h6>O\u00f9 sommes-nous ?<\/h6>\n<p>Le d\u00e9p\u00f4t est situ\u00e9 dans les bureaux de <a href=\"https:\/\/www.tournride.com\/es\/\">Tournride,<\/a> soci\u00e9t\u00e9 de location de v\u00e9los pour le Chemin de Saint-Jacques, dans la rue <a href=\"https:\/\/www.google.es\/maps\/place\/Calle+de+Laverde+Ruiz,+5,+15702+Santiago+de+Compostela,+La+Coru%C3%B1a\/data=!4m2!3m1!1s0xd2efe38b7768063:0xa0ee5ddf5790731e?sa=X&amp;ved=0ahUKEwiXzJfq_YraAhXK6RQKHUeYAUMQ8gEIJzAA\">R\u00faa de Laverde Ruiz n\u00ba 5 \u00e0 Saint-Jacques-de-Compostelle<\/a>.<\/p>\n<p>&nbsp;<\/p>\n<p><a href=\"https:\/\/www.tournride.com\/es\/\">Horaires et adresse<\/a> :<\/p>\n<p>&nbsp;<\/p>\n<p>Lundi 10:00\u201314:00 16:30\u201319:30<br \/>\nMardi 10:00\u201314:00 16:30\u201319:30<br \/>\nMercredi 10:00\u201314:00 16:30\u201319:30<br \/>\nJeudi \u00a010:00\u201314:00 16:30\u201319:30<br \/>\nVendredi \u00a010:00\u201314:00 16:30\u201319:30<\/p>\n<p>Samedi Ferm\u00e9<\/p>\n<p>Dimanche \u00a0Ferm\u00e9<\/p>\n<p><img loading=\"lazy\" decoding=\"async\" class=\"aligncenter wp-image-564 size-large\" title=\"D\u00e9p\u00f4t de bagages \u00e0 Santiago. \" src=\"https:\/\/www.jacotrans.es\/wp-content\/uploads\/2018\/03\/tournride-sl_img37026t0-1024x765.jpg\" alt=\"D\u00e9p\u00f4t de bagages \u00e0 Santiago Esta es la oficina de Tournride en Santiago deCompostela\" width=\"640\" height=\"478\" srcset=\"https:\/\/www.jacotrans.es\/wp-content\/uploads\/2018\/03\/tournride-sl_img37026t0.jpg 1024w, https:\/\/www.jacotrans.es\/wp-content\/uploads\/2018\/03\/tournride-sl_img37026t0-300x224.jpg 300w, https:\/\/www.jacotrans.es\/wp-content\/uploads\/2018\/03\/tournride-sl_img37026t0-768x574.jpg 768w\" sizes=\"auto, (max-width: 640px) 100vw, 640px\" \/><\/p>\n","protected":false},"excerpt":{"rendered":"<p>D\u00e9p\u00f4t de bagages \u00e0 Santiago Ouverture d\u2019un nouveau bureau JACOTRANS \u00e0 Santiago de Compostelle. D\u00e9p\u00f4t de bagages \u00e0 Santiago. Pour des envois directs sur de longues distances ou le d\u00e9p\u00f4t de \u00a0bagages, JACOTRANS offre \u00e0 ses clients un service gratuit. Cela repr\u00e9sente une am\u00e9lioration en termes de qualit\u00e9 et de prix par rapport au service postal fourni jusqu&#8217;\u00e0 pr\u00e9sent, qui \u00e9tait de plus augment\u00e9 par les frais de d\u00e9p\u00f4t et la complexit\u00e9 de la gestion en cas d&#8217;accidents. &nbsp; Qu&#8217;est-ce&hellip;<\/p>\n","protected":false},"author":3,"featured_media":0,"parent":133,"menu_order":0,"comment_status":"closed","ping_status":"closed","template":"","meta":{"_monsterinsights_skip_tracking":false,"_monsterinsights_sitenote_active":false,"_monsterinsights_sitenote_note":"","_monsterinsights_sitenote_category":0,"_uf_show_specific_survey":0,"_uf_disable_surveys":false,"footnotes":""},"class_list":["post-602","page","type-page","status-publish","hentry"],"yoast_head":"<!-- This site is optimized with the Yoast SEO plugin v27.3 - https:\/\/yoast.com\/product\/yoast-seo-wordpress\/ -->\n<title>D\u00e9p\u00f4t de bagages \u00e0 Santiago. JACOTRANAS. Pour des envois directs<\/title>\n<meta name=\"description\" content=\"D\u00e9p\u00f4t de bagages \u00e0 Santiago. Pour des envois directs sur de longues distances ou le d\u00e9p\u00f4t de \u00a0bagages, JACOTRANS offre \u00e0 ses clients un service gratuit\" \/>\n<meta name=\"robots\" content=\"index, follow, max-snippet:-1, max-image-preview:large, max-video-preview:-1\" \/>\n<link rel=\"canonical\" href=\"https:\/\/www.jacotrans.es\/fr\/transporte-de-equipajes-camino-santiago\/depot-de-bagages-a-santiago\/\" \/>\n<meta property=\"og:locale\" content=\"fr_FR\" \/>\n<meta property=\"og:type\" content=\"article\" \/>\n<meta property=\"og:title\" content=\"D\u00e9p\u00f4t de bagages \u00e0 Santiago. JACOTRANAS. Pour des envois directs\" \/>\n<meta property=\"og:description\" content=\"D\u00e9p\u00f4t de bagages \u00e0 Santiago. Pour des envois directs sur de longues distances ou le d\u00e9p\u00f4t de \u00a0bagages, JACOTRANS offre \u00e0 ses clients un service gratuit\" \/>\n<meta property=\"og:url\" content=\"https:\/\/www.jacotrans.es\/fr\/transporte-de-equipajes-camino-santiago\/depot-de-bagages-a-santiago\/\" \/>\n<meta property=\"og:site_name\" content=\"JACOTRANS\" \/>\n<meta property=\"article:publisher\" content=\"https:\/\/www.facebook.com\/transportedemochilas\/\" \/>\n<meta property=\"article:modified_time\" content=\"2026-02-06T21:46:53+00:00\" \/>\n<meta property=\"og:image\" content=\"https:\/\/www.jacotrans.es\/wp-content\/uploads\/2018\/03\/tournride-sl_img37026t0.jpg\" \/>\n\t<meta property=\"og:image:width\" content=\"1024\" \/>\n\t<meta property=\"og:image:height\" content=\"765\" \/>\n\t<meta property=\"og:image:type\" content=\"image\/jpeg\" \/>\n<meta name=\"twitter:card\" content=\"summary_large_image\" \/>\n<meta name=\"twitter:site\" content=\"@Jacotrans\" \/>\n<script type=\"application\/ld+json\" class=\"yoast-schema-graph\">{\"@context\":\"https:\\\/\\\/schema.org\",\"@graph\":[{\"@type\":\"WebPage\",\"@id\":\"https:\\\/\\\/www.jacotrans.es\\\/fr\\\/transporte-de-equipajes-camino-santiago\\\/depot-de-bagages-a-santiago\\\/\",\"url\":\"https:\\\/\\\/www.jacotrans.es\\\/fr\\\/transporte-de-equipajes-camino-santiago\\\/depot-de-bagages-a-santiago\\\/\",\"name\":\"D\u00e9p\u00f4t de bagages \u00e0 Santiago. JACOTRANAS. Pour des envois directs\",\"isPartOf\":{\"@id\":\"https:\\\/\\\/www.jacotrans.es\\\/fr\\\/#website\"},\"primaryImageOfPage\":{\"@id\":\"https:\\\/\\\/www.jacotrans.es\\\/fr\\\/transporte-de-equipajes-camino-santiago\\\/depot-de-bagages-a-santiago\\\/#primaryimage\"},\"image\":{\"@id\":\"https:\\\/\\\/www.jacotrans.es\\\/fr\\\/transporte-de-equipajes-camino-santiago\\\/depot-de-bagages-a-santiago\\\/#primaryimage\"},\"thumbnailUrl\":\"https:\\\/\\\/www.jacotrans.es\\\/wp-content\\\/uploads\\\/2018\\\/03\\\/tournride-sl_img37026t0-1024x765.jpg\",\"datePublished\":\"2018-04-09T16:57:53+00:00\",\"dateModified\":\"2026-02-06T21:46:53+00:00\",\"description\":\"D\u00e9p\u00f4t de bagages \u00e0 Santiago. Pour des envois directs sur de longues distances ou le d\u00e9p\u00f4t de \u00a0bagages, JACOTRANS offre \u00e0 ses clients un service gratuit\",\"breadcrumb\":{\"@id\":\"https:\\\/\\\/www.jacotrans.es\\\/fr\\\/transporte-de-equipajes-camino-santiago\\\/depot-de-bagages-a-santiago\\\/#breadcrumb\"},\"inLanguage\":\"fr-FR\",\"potentialAction\":[{\"@type\":\"ReadAction\",\"target\":[\"https:\\\/\\\/www.jacotrans.es\\\/fr\\\/transporte-de-equipajes-camino-santiago\\\/depot-de-bagages-a-santiago\\\/\"]}]},{\"@type\":\"ImageObject\",\"inLanguage\":\"fr-FR\",\"@id\":\"https:\\\/\\\/www.jacotrans.es\\\/fr\\\/transporte-de-equipajes-camino-santiago\\\/depot-de-bagages-a-santiago\\\/#primaryimage\",\"url\":\"https:\\\/\\\/www.jacotrans.es\\\/wp-content\\\/uploads\\\/2018\\\/03\\\/tournride-sl_img37026t0-1024x765.jpg\",\"contentUrl\":\"https:\\\/\\\/www.jacotrans.es\\\/wp-content\\\/uploads\\\/2018\\\/03\\\/tournride-sl_img37026t0-1024x765.jpg\"},{\"@type\":\"BreadcrumbList\",\"@id\":\"https:\\\/\\\/www.jacotrans.es\\\/fr\\\/transporte-de-equipajes-camino-santiago\\\/depot-de-bagages-a-santiago\\\/#breadcrumb\",\"itemListElement\":[{\"@type\":\"ListItem\",\"position\":1,\"name\":\"Portada\",\"item\":\"https:\\\/\\\/www.jacotrans.es\\\/fr\\\/\"},{\"@type\":\"ListItem\",\"position\":2,\"name\":\"Acerca de\",\"item\":\"https:\\\/\\\/www.jacotrans.es\\\/fr\\\/transporte-de-equipajes-camino-santiago\\\/\"},{\"@type\":\"ListItem\",\"position\":3,\"name\":\"D\u00e9p\u00f4t de bagages \u00e0 Santiago\"}]},{\"@type\":\"WebSite\",\"@id\":\"https:\\\/\\\/www.jacotrans.es\\\/fr\\\/#website\",\"url\":\"https:\\\/\\\/www.jacotrans.es\\\/fr\\\/\",\"name\":\"Jacotrans\",\"description\":\"Le transport des bagages sur le Camino de Santiago\",\"potentialAction\":[{\"@type\":\"SearchAction\",\"target\":{\"@type\":\"EntryPoint\",\"urlTemplate\":\"https:\\\/\\\/www.jacotrans.es\\\/fr\\\/?s={search_term_string}\"},\"query-input\":{\"@type\":\"PropertyValueSpecification\",\"valueRequired\":true,\"valueName\":\"search_term_string\"}}],\"inLanguage\":\"fr-FR\"}]}<\/script>\n<!-- \/ Yoast SEO plugin. -->","yoast_head_json":{"title":"D\u00e9p\u00f4t de bagages \u00e0 Santiago. JACOTRANAS. Pour des envois directs","description":"D\u00e9p\u00f4t de bagages \u00e0 Santiago. Pour des envois directs sur de longues distances ou le d\u00e9p\u00f4t de \u00a0bagages, JACOTRANS offre \u00e0 ses clients un service gratuit","robots":{"index":"index","follow":"follow","max-snippet":"max-snippet:-1","max-image-preview":"max-image-preview:large","max-video-preview":"max-video-preview:-1"},"canonical":"https:\/\/www.jacotrans.es\/fr\/transporte-de-equipajes-camino-santiago\/depot-de-bagages-a-santiago\/","og_locale":"fr_FR","og_type":"article","og_title":"D\u00e9p\u00f4t de bagages \u00e0 Santiago. JACOTRANAS. Pour des envois directs","og_description":"D\u00e9p\u00f4t de bagages \u00e0 Santiago. Pour des envois directs sur de longues distances ou le d\u00e9p\u00f4t de \u00a0bagages, JACOTRANS offre \u00e0 ses clients un service gratuit","og_url":"https:\/\/www.jacotrans.es\/fr\/transporte-de-equipajes-camino-santiago\/depot-de-bagages-a-santiago\/","og_site_name":"JACOTRANS","article_publisher":"https:\/\/www.facebook.com\/transportedemochilas\/","article_modified_time":"2026-02-06T21:46:53+00:00","og_image":[{"width":1024,"height":765,"url":"https:\/\/www.jacotrans.es\/wp-content\/uploads\/2018\/03\/tournride-sl_img37026t0.jpg","type":"image\/jpeg"}],"twitter_card":"summary_large_image","twitter_site":"@Jacotrans","schema":{"@context":"https:\/\/schema.org","@graph":[{"@type":"WebPage","@id":"https:\/\/www.jacotrans.es\/fr\/transporte-de-equipajes-camino-santiago\/depot-de-bagages-a-santiago\/","url":"https:\/\/www.jacotrans.es\/fr\/transporte-de-equipajes-camino-santiago\/depot-de-bagages-a-santiago\/","name":"D\u00e9p\u00f4t de bagages \u00e0 Santiago. JACOTRANAS. Pour des envois directs","isPartOf":{"@id":"https:\/\/www.jacotrans.es\/fr\/#website"},"primaryImageOfPage":{"@id":"https:\/\/www.jacotrans.es\/fr\/transporte-de-equipajes-camino-santiago\/depot-de-bagages-a-santiago\/#primaryimage"},"image":{"@id":"https:\/\/www.jacotrans.es\/fr\/transporte-de-equipajes-camino-santiago\/depot-de-bagages-a-santiago\/#primaryimage"},"thumbnailUrl":"https:\/\/www.jacotrans.es\/wp-content\/uploads\/2018\/03\/tournride-sl_img37026t0-1024x765.jpg","datePublished":"2018-04-09T16:57:53+00:00","dateModified":"2026-02-06T21:46:53+00:00","description":"D\u00e9p\u00f4t de bagages \u00e0 Santiago. Pour des envois directs sur de longues distances ou le d\u00e9p\u00f4t de \u00a0bagages, JACOTRANS offre \u00e0 ses clients un service gratuit","breadcrumb":{"@id":"https:\/\/www.jacotrans.es\/fr\/transporte-de-equipajes-camino-santiago\/depot-de-bagages-a-santiago\/#breadcrumb"},"inLanguage":"fr-FR","potentialAction":[{"@type":"ReadAction","target":["https:\/\/www.jacotrans.es\/fr\/transporte-de-equipajes-camino-santiago\/depot-de-bagages-a-santiago\/"]}]},{"@type":"ImageObject","inLanguage":"fr-FR","@id":"https:\/\/www.jacotrans.es\/fr\/transporte-de-equipajes-camino-santiago\/depot-de-bagages-a-santiago\/#primaryimage","url":"https:\/\/www.jacotrans.es\/wp-content\/uploads\/2018\/03\/tournride-sl_img37026t0-1024x765.jpg","contentUrl":"https:\/\/www.jacotrans.es\/wp-content\/uploads\/2018\/03\/tournride-sl_img37026t0-1024x765.jpg"},{"@type":"BreadcrumbList","@id":"https:\/\/www.jacotrans.es\/fr\/transporte-de-equipajes-camino-santiago\/depot-de-bagages-a-santiago\/#breadcrumb","itemListElement":[{"@type":"ListItem","position":1,"name":"Portada","item":"https:\/\/www.jacotrans.es\/fr\/"},{"@type":"ListItem","position":2,"name":"Acerca de","item":"https:\/\/www.jacotrans.es\/fr\/transporte-de-equipajes-camino-santiago\/"},{"@type":"ListItem","position":3,"name":"D\u00e9p\u00f4t de bagages \u00e0 Santiago"}]},{"@type":"WebSite","@id":"https:\/\/www.jacotrans.es\/fr\/#website","url":"https:\/\/www.jacotrans.es\/fr\/","name":"Jacotrans","description":"Le transport des bagages sur le Camino de Santiago","potentialAction":[{"@type":"SearchAction","target":{"@type":"EntryPoint","urlTemplate":"https:\/\/www.jacotrans.es\/fr\/?s={search_term_string}"},"query-input":{"@type":"PropertyValueSpecification","valueRequired":true,"valueName":"search_term_string"}}],"inLanguage":"fr-FR"}]}},"_links":{"self":[{"href":"https:\/\/www.jacotrans.es\/fr\/wp-json\/wp\/v2\/pages\/602","targetHints":{"allow":["GET"]}}],"collection":[{"href":"https:\/\/www.jacotrans.es\/fr\/wp-json\/wp\/v2\/pages"}],"about":[{"href":"https:\/\/www.jacotrans.es\/fr\/wp-json\/wp\/v2\/types\/page"}],"author":[{"embeddable":true,"href":"https:\/\/www.jacotrans.es\/fr\/wp-json\/wp\/v2\/users\/3"}],"replies":[{"embeddable":true,"href":"https:\/\/www.jacotrans.es\/fr\/wp-json\/wp\/v2\/comments?post=602"}],"version-history":[{"count":2,"href":"https:\/\/www.jacotrans.es\/fr\/wp-json\/wp\/v2\/pages\/602\/revisions"}],"predecessor-version":[{"id":5499,"href":"https:\/\/www.jacotrans.es\/fr\/wp-json\/wp\/v2\/pages\/602\/revisions\/5499"}],"up":[{"embeddable":true,"href":"https:\/\/www.jacotrans.es\/fr\/wp-json\/wp\/v2\/pages\/133"}],"wp:attachment":[{"href":"https:\/\/www.jacotrans.es\/fr\/wp-json\/wp\/v2\/media?parent=602"}],"curies":[{"name":"wp","href":"https:\/\/api.w.org\/{rel}","templated":true}]}}