{"id":608,"date":"2018-04-09T17:03:27","date_gmt":"2018-04-09T17:03:27","guid":{"rendered":"https:\/\/www.jacotrans.es\/?page_id=608"},"modified":"2018-04-09T17:03:27","modified_gmt":"2018-04-09T17:03:27","slug":"deposito-bagagli-a-santiago","status":"publish","type":"page","link":"https:\/\/www.jacotrans.es\/it\/chi-siamo\/deposito-bagagli-a-santiago\/","title":{"rendered":"Deposito bagagli a Santiago"},"content":{"rendered":"<h1>Deposito bagagli a Santiago<\/h1>\n<h6>Nuovo ufficio JACOTRANS a Santiago di Compostela.<\/h6>\n<p>Deposito bagagli a Santiago. Per spedizioni dirette, a lunga distanza o il deposito bagagli a Santiago, JACOTRANS offre ai propri clienti un servizio gratuito. Il nuovo servizio \u00e8 ottimizzato in termini di qualit\u00e0 e convenienza rispetto al servizio postale fornito finora che comportava una maggiorazione per la spesa di deposito e una maggiore complessit\u00e0 di gestione nell\u2019eventualit\u00e0 di incidenti.<\/p>\n<p>&nbsp;<\/p>\n<h6>Che cosa proponiamo?<\/h6>\n<p>Offriamo la possibilit\u00e0 di spedire un vostro secondo bagaglio, il peso in eccesso, souvenir, ecc. da <a href=\"https:\/\/www.jacotrans.es\/transporte-de-equipajes-camino-santiago\/\">qualsiasi localit\u00e0<\/a> lungo il percorso, liberandovi dai bagagli ingombranti alfine di rendervi il cammino pi\u00f9 leggero. Terremo gratuitamente in deposito i vostri bagagli in eccesso fino al vostro arrivo. Il servizio di deposito \u00e8 completamente gratuito, rimane a vostro carico la spesa di spedizione che pu\u00f2 variare da 15 a 40\u20ac.\u00a0 Se la vostra destinazione \u00e8 un hotel, un\u2019abitazione, un ufficio&#8230; il servizio ha le stesse caratteristiche e offre le medesime garanzie.<\/p>\n<h6>Come funziona?<\/h6>\n<p>Comunicateci dove dobbiamo prelevare il bagaglio. Ci occuperemo di ritirarlo, imballarlo, inviarlo tramite corriere espresso e conservarlo fino al momento del ritiro.<\/p>\n<h6>Dove siamo?<\/h6>\n<p>Il nostro ufficio si trova presso gli uffici di <a href=\"https:\/\/www.tournride.com\/\">Tournride<\/a>, noleggio biciclette per il Cammino di Santiago, in<a href=\"https:\/\/www.google.es\/maps\/place\/Calle+de+Laverde+Ruiz,+5,+15702+Santiago+de+Compostela,+La+Coru%C3%B1a\/@42.8741036,-8.5462669,17z\/data=!3m1!4b1!4m5!3m4!1s0xd2efe38b7768063:0xa0ee5ddf5790731e!8m2!3d42.8741036!4d-8.5440782\"> Calle R\u00faa de Laverde Ruiz n\u00ba 5 a Santiago de Compostela.<\/a><\/p>\n<h6><a href=\"https:\/\/www.tournride.com\/\">Orari e indirizzo:<\/a><\/h6>\n<p>Luned\u00ec \u00a010:00\u201314:00 16:30\u201319:30<br \/>\nMarted\u00ec \u00a010:00\u201314:00 16:30\u201319:30<br \/>\nMercoled\u00ec \u00a010:00\u201314:00 16:30\u201319:30<br \/>\nGioved\u00ec 10:00\u201314:00 16:30\u201319:30<br \/>\nVenerd\u00ec 10:00\u201314:00 16:30\u201319:30<\/p>\n<p>Sabato Chiuso<\/p>\n<p>Domenica Chiuso<\/p>\n<p><img loading=\"lazy\" decoding=\"async\" class=\"aligncenter wp-image-564 size-large\" title=\"Deposito bagagli a Santiago\" src=\"https:\/\/www.jacotrans.es\/wp-content\/uploads\/2018\/03\/tournride-sl_img37026t0-1024x765.jpg\" alt=\"Deposito bagagli a Santiago\" width=\"640\" height=\"478\" srcset=\"https:\/\/www.jacotrans.es\/wp-content\/uploads\/2018\/03\/tournride-sl_img37026t0.jpg 1024w, https:\/\/www.jacotrans.es\/wp-content\/uploads\/2018\/03\/tournride-sl_img37026t0-300x224.jpg 300w, https:\/\/www.jacotrans.es\/wp-content\/uploads\/2018\/03\/tournride-sl_img37026t0-768x574.jpg 768w\" sizes=\"auto, (max-width: 640px) 100vw, 640px\" \/><\/p>\n","protected":false},"excerpt":{"rendered":"<p>Deposito bagagli a Santiago Nuovo ufficio JACOTRANS a Santiago di Compostela. Deposito bagagli a Santiago. Per spedizioni dirette, a lunga distanza o il deposito bagagli a Santiago, JACOTRANS offre ai propri clienti un servizio gratuito. Il nuovo servizio \u00e8 ottimizzato in termini di qualit\u00e0 e convenienza rispetto al servizio postale fornito finora che comportava una maggiorazione per la spesa di deposito e una maggiore complessit\u00e0 di gestione nell\u2019eventualit\u00e0 di incidenti. &nbsp; Che cosa proponiamo? Offriamo la possibilit\u00e0 di spedire un&hellip;<\/p>\n","protected":false},"author":3,"featured_media":0,"parent":5663,"menu_order":0,"comment_status":"closed","ping_status":"closed","template":"","meta":{"_monsterinsights_skip_tracking":false,"_monsterinsights_sitenote_active":false,"_monsterinsights_sitenote_note":"","_monsterinsights_sitenote_category":0,"_uf_show_specific_survey":0,"_uf_disable_surveys":false,"footnotes":""},"class_list":["post-608","page","type-page","status-publish","hentry"],"yoast_head":"<!-- This site is optimized with the Yoast SEO plugin v27.3 - https:\/\/yoast.com\/product\/yoast-seo-wordpress\/ -->\n<title>Deposito bagagli a Santiago. Per spedizioni dirette, a lunga distanza<\/title>\n<meta name=\"description\" content=\"Deposito bagagli a Santiago. Per spedizioni dirette, a lunga distanza o il deposito bagagli a Santiago, JACOTRANS offre ai propri clienti un servizio gratuito\" \/>\n<meta name=\"robots\" content=\"index, follow, max-snippet:-1, max-image-preview:large, max-video-preview:-1\" \/>\n<link rel=\"canonical\" href=\"https:\/\/www.jacotrans.es\/it\/chi-siamo\/deposito-bagagli-a-santiago\/\" \/>\n<meta property=\"og:locale\" content=\"it_IT\" \/>\n<meta property=\"og:type\" content=\"article\" \/>\n<meta property=\"og:title\" content=\"Deposito bagagli a Santiago. Per spedizioni dirette, a lunga distanza\" \/>\n<meta property=\"og:description\" content=\"Deposito bagagli a Santiago. Per spedizioni dirette, a lunga distanza o il deposito bagagli a Santiago, JACOTRANS offre ai propri clienti un servizio gratuito\" \/>\n<meta property=\"og:url\" content=\"https:\/\/www.jacotrans.es\/it\/chi-siamo\/deposito-bagagli-a-santiago\/\" \/>\n<meta property=\"og:site_name\" content=\"JACOTRANS\" \/>\n<meta property=\"article:publisher\" content=\"https:\/\/www.facebook.com\/transportedemochilas\/\" \/>\n<meta property=\"og:image\" content=\"https:\/\/www.jacotrans.es\/wp-content\/uploads\/2018\/03\/tournride-sl_img37026t0-1024x765.jpg\" \/>\n<meta name=\"twitter:card\" content=\"summary_large_image\" \/>\n<meta name=\"twitter:site\" content=\"@Jacotrans\" \/>\n<meta name=\"twitter:label1\" content=\"Est. reading time\" \/>\n\t<meta name=\"twitter:data1\" content=\"1 minute\" \/>\n<script type=\"application\/ld+json\" class=\"yoast-schema-graph\">{\"@context\":\"https:\\\/\\\/schema.org\",\"@graph\":[{\"@type\":\"WebPage\",\"@id\":\"https:\\\/\\\/www.jacotrans.es\\\/it\\\/chi-siamo\\\/deposito-bagagli-a-santiago\\\/\",\"url\":\"https:\\\/\\\/www.jacotrans.es\\\/it\\\/chi-siamo\\\/deposito-bagagli-a-santiago\\\/\",\"name\":\"Deposito bagagli a Santiago. Per spedizioni dirette, a lunga distanza\",\"isPartOf\":{\"@id\":\"https:\\\/\\\/www.jacotrans.es\\\/it\\\/#website\"},\"primaryImageOfPage\":{\"@id\":\"https:\\\/\\\/www.jacotrans.es\\\/it\\\/chi-siamo\\\/deposito-bagagli-a-santiago\\\/#primaryimage\"},\"image\":{\"@id\":\"https:\\\/\\\/www.jacotrans.es\\\/it\\\/chi-siamo\\\/deposito-bagagli-a-santiago\\\/#primaryimage\"},\"thumbnailUrl\":\"https:\\\/\\\/www.jacotrans.es\\\/wp-content\\\/uploads\\\/2018\\\/03\\\/tournride-sl_img37026t0-1024x765.jpg\",\"datePublished\":\"2018-04-09T17:03:27+00:00\",\"description\":\"Deposito bagagli a Santiago. Per spedizioni dirette, a lunga distanza o il deposito bagagli a Santiago, JACOTRANS offre ai propri clienti un servizio gratuito\",\"breadcrumb\":{\"@id\":\"https:\\\/\\\/www.jacotrans.es\\\/it\\\/chi-siamo\\\/deposito-bagagli-a-santiago\\\/#breadcrumb\"},\"inLanguage\":\"it-IT\",\"potentialAction\":[{\"@type\":\"ReadAction\",\"target\":[\"https:\\\/\\\/www.jacotrans.es\\\/it\\\/chi-siamo\\\/deposito-bagagli-a-santiago\\\/\"]}]},{\"@type\":\"ImageObject\",\"inLanguage\":\"it-IT\",\"@id\":\"https:\\\/\\\/www.jacotrans.es\\\/it\\\/chi-siamo\\\/deposito-bagagli-a-santiago\\\/#primaryimage\",\"url\":\"https:\\\/\\\/www.jacotrans.es\\\/wp-content\\\/uploads\\\/2018\\\/03\\\/tournride-sl_img37026t0-1024x765.jpg\",\"contentUrl\":\"https:\\\/\\\/www.jacotrans.es\\\/wp-content\\\/uploads\\\/2018\\\/03\\\/tournride-sl_img37026t0-1024x765.jpg\"},{\"@type\":\"BreadcrumbList\",\"@id\":\"https:\\\/\\\/www.jacotrans.es\\\/it\\\/chi-siamo\\\/deposito-bagagli-a-santiago\\\/#breadcrumb\",\"itemListElement\":[{\"@type\":\"ListItem\",\"position\":1,\"name\":\"Portada\",\"item\":\"https:\\\/\\\/www.jacotrans.es\\\/it\\\/\"},{\"@type\":\"ListItem\",\"position\":2,\"name\":\"Deposito bagagli a Santiago\"}]},{\"@type\":\"WebSite\",\"@id\":\"https:\\\/\\\/www.jacotrans.es\\\/it\\\/#website\",\"url\":\"https:\\\/\\\/www.jacotrans.es\\\/it\\\/\",\"name\":\"Jacotrans\",\"description\":\"Transporte de equipajes en el camino de Santiago\",\"potentialAction\":[{\"@type\":\"SearchAction\",\"target\":{\"@type\":\"EntryPoint\",\"urlTemplate\":\"https:\\\/\\\/www.jacotrans.es\\\/it\\\/?s={search_term_string}\"},\"query-input\":{\"@type\":\"PropertyValueSpecification\",\"valueRequired\":true,\"valueName\":\"search_term_string\"}}],\"inLanguage\":\"it-IT\"}]}<\/script>\n<!-- \/ Yoast SEO plugin. -->","yoast_head_json":{"title":"Deposito bagagli a Santiago. Per spedizioni dirette, a lunga distanza","description":"Deposito bagagli a Santiago. Per spedizioni dirette, a lunga distanza o il deposito bagagli a Santiago, JACOTRANS offre ai propri clienti un servizio gratuito","robots":{"index":"index","follow":"follow","max-snippet":"max-snippet:-1","max-image-preview":"max-image-preview:large","max-video-preview":"max-video-preview:-1"},"canonical":"https:\/\/www.jacotrans.es\/it\/chi-siamo\/deposito-bagagli-a-santiago\/","og_locale":"it_IT","og_type":"article","og_title":"Deposito bagagli a Santiago. Per spedizioni dirette, a lunga distanza","og_description":"Deposito bagagli a Santiago. Per spedizioni dirette, a lunga distanza o il deposito bagagli a Santiago, JACOTRANS offre ai propri clienti un servizio gratuito","og_url":"https:\/\/www.jacotrans.es\/it\/chi-siamo\/deposito-bagagli-a-santiago\/","og_site_name":"JACOTRANS","article_publisher":"https:\/\/www.facebook.com\/transportedemochilas\/","og_image":[{"url":"https:\/\/www.jacotrans.es\/wp-content\/uploads\/2018\/03\/tournride-sl_img37026t0-1024x765.jpg","type":"","width":"","height":""}],"twitter_card":"summary_large_image","twitter_site":"@Jacotrans","twitter_misc":{"Est. reading time":"1 minute"},"schema":{"@context":"https:\/\/schema.org","@graph":[{"@type":"WebPage","@id":"https:\/\/www.jacotrans.es\/it\/chi-siamo\/deposito-bagagli-a-santiago\/","url":"https:\/\/www.jacotrans.es\/it\/chi-siamo\/deposito-bagagli-a-santiago\/","name":"Deposito bagagli a Santiago. Per spedizioni dirette, a lunga distanza","isPartOf":{"@id":"https:\/\/www.jacotrans.es\/it\/#website"},"primaryImageOfPage":{"@id":"https:\/\/www.jacotrans.es\/it\/chi-siamo\/deposito-bagagli-a-santiago\/#primaryimage"},"image":{"@id":"https:\/\/www.jacotrans.es\/it\/chi-siamo\/deposito-bagagli-a-santiago\/#primaryimage"},"thumbnailUrl":"https:\/\/www.jacotrans.es\/wp-content\/uploads\/2018\/03\/tournride-sl_img37026t0-1024x765.jpg","datePublished":"2018-04-09T17:03:27+00:00","description":"Deposito bagagli a Santiago. Per spedizioni dirette, a lunga distanza o il deposito bagagli a Santiago, JACOTRANS offre ai propri clienti un servizio gratuito","breadcrumb":{"@id":"https:\/\/www.jacotrans.es\/it\/chi-siamo\/deposito-bagagli-a-santiago\/#breadcrumb"},"inLanguage":"it-IT","potentialAction":[{"@type":"ReadAction","target":["https:\/\/www.jacotrans.es\/it\/chi-siamo\/deposito-bagagli-a-santiago\/"]}]},{"@type":"ImageObject","inLanguage":"it-IT","@id":"https:\/\/www.jacotrans.es\/it\/chi-siamo\/deposito-bagagli-a-santiago\/#primaryimage","url":"https:\/\/www.jacotrans.es\/wp-content\/uploads\/2018\/03\/tournride-sl_img37026t0-1024x765.jpg","contentUrl":"https:\/\/www.jacotrans.es\/wp-content\/uploads\/2018\/03\/tournride-sl_img37026t0-1024x765.jpg"},{"@type":"BreadcrumbList","@id":"https:\/\/www.jacotrans.es\/it\/chi-siamo\/deposito-bagagli-a-santiago\/#breadcrumb","itemListElement":[{"@type":"ListItem","position":1,"name":"Portada","item":"https:\/\/www.jacotrans.es\/it\/"},{"@type":"ListItem","position":2,"name":"Deposito bagagli a Santiago"}]},{"@type":"WebSite","@id":"https:\/\/www.jacotrans.es\/it\/#website","url":"https:\/\/www.jacotrans.es\/it\/","name":"Jacotrans","description":"Transporte de equipajes en el camino de Santiago","potentialAction":[{"@type":"SearchAction","target":{"@type":"EntryPoint","urlTemplate":"https:\/\/www.jacotrans.es\/it\/?s={search_term_string}"},"query-input":{"@type":"PropertyValueSpecification","valueRequired":true,"valueName":"search_term_string"}}],"inLanguage":"it-IT"}]}},"_links":{"self":[{"href":"https:\/\/www.jacotrans.es\/it\/wp-json\/wp\/v2\/pages\/608","targetHints":{"allow":["GET"]}}],"collection":[{"href":"https:\/\/www.jacotrans.es\/it\/wp-json\/wp\/v2\/pages"}],"about":[{"href":"https:\/\/www.jacotrans.es\/it\/wp-json\/wp\/v2\/types\/page"}],"author":[{"embeddable":true,"href":"https:\/\/www.jacotrans.es\/it\/wp-json\/wp\/v2\/users\/3"}],"replies":[{"embeddable":true,"href":"https:\/\/www.jacotrans.es\/it\/wp-json\/wp\/v2\/comments?post=608"}],"version-history":[{"count":1,"href":"https:\/\/www.jacotrans.es\/it\/wp-json\/wp\/v2\/pages\/608\/revisions"}],"predecessor-version":[{"id":609,"href":"https:\/\/www.jacotrans.es\/it\/wp-json\/wp\/v2\/pages\/608\/revisions\/609"}],"up":[{"embeddable":true,"href":"https:\/\/www.jacotrans.es\/it\/wp-json\/wp\/v2\/pages\/5663"}],"wp:attachment":[{"href":"https:\/\/www.jacotrans.es\/it\/wp-json\/wp\/v2\/media?parent=608"}],"curies":[{"name":"wp","href":"https:\/\/api.w.org\/{rel}","templated":true}]}}